{"id":2666,"date":"2025-11-22T15:31:40","date_gmt":"2025-11-22T14:31:40","guid":{"rendered":"https:\/\/cstpro-b2b.com\/?page_id=2666"},"modified":"2025-11-25T11:45:41","modified_gmt":"2025-11-25T10:45:41","slug":"services","status":"publish","type":"page","link":"https:\/\/cstpro-b2b.com\/en\/services\/","title":{"rendered":"Services"},"content":{"rendered":"<div data-elementor-type=\"wp-page\" data-elementor-id=\"2666\" class=\"elementor elementor-2666\">\n\t\t\t\t<div class=\"elementor-element elementor-element-2673502 e-con-full e-flex e-con e-parent\" data-id=\"2673502\" data-element_type=\"container\" data-e-type=\"container\" data-settings=\"{&quot;background_background&quot;:&quot;video&quot;,&quot;background_video_link&quot;:&quot;https:\\\/\\\/cstpro-b2b.com\\\/wp-content\\\/uploads\\\/2025\\\/11\\\/video_compressed-1.mp4&quot;,&quot;background_play_on_mobile&quot;:&quot;yes&quot;}\">\n\t\t<div class=\"elementor-background-video-container\">\n\t\t\t\t\t\t\t<video class=\"elementor-background-video-hosted\" role=\"presentation\" autoplay muted playsinline loop><\/video>\n\t\t\t\t\t<\/div>\t\t<div class=\"elementor-element elementor-element-6b26fac elementor-widget elementor-widget-html\" data-id=\"6b26fac\" data-element_type=\"widget\" data-e-type=\"widget\" data-widget_type=\"html.default\">\n\t\t\t\t<div class=\"elementor-widget-container\">\n\t\t\t\t\t<section id=\"services-header\" class=\"cstpro-hero\">\r\n  \r\n  <!-- VIDEO -->\r\n  <video class=\"cstpro-hero-video\" autoplay muted loop playsinline>\r\n    <source src=\"URL-DE-TA-VIDEO.mp4\" type=\"video\/mp4\">\r\n  <\/video>\r\n\r\n  <!-- OVERLAY -->\r\n  <div class=\"cstpro-hero-overlay\"><\/div>\r\n\r\n  <!-- CONTENU -->\r\n  <div class=\"cstpro-hero-content\">\r\n\r\n    <div class=\"cstpro-badge\">\r\n      <span class=\"cstpro-badge-dot\"><\/span>\r\n      <span>CSTPRO-B2B Solutions<\/span>\r\n    <\/div>\r\n\r\n    <h1 class=\"cstpro-title-xl cstpro-title-gradient\">\r\n      Hotel services,<br> receptives and destinations\r\n    <\/h1>\r\n\r\n    <p class=\"cstpro-subtitle\">\r\n      A range of editorial, strategic and visual services designed to\r\n      connect your establishment with the right decision-makers in B2B tourism.\r\n    <\/p>\r\n\r\n  <\/div>\r\n<\/section>\r\n\t\t\t\t<\/div>\n\t\t\t\t<\/div>\n\t\t\t\t<div class=\"elementor-element elementor-element-ca89b5a elementor-widget elementor-widget-html\" data-id=\"ca89b5a\" data-element_type=\"widget\" data-e-type=\"widget\" data-widget_type=\"html.default\">\n\t\t\t\t<div class=\"elementor-widget-container\">\n\t\t\t\t\t\r\n<style>\r\n.cstpro-pillar-icon {\r\n    width: 72px;\r\n    height: 72px;\r\n    border-radius: 50%;\r\n    background: rgba(255,255,255,0.05);\r\n    backdrop-filter: blur(6px);\r\n    display: flex;\r\n    align-items: center;\r\n    justify-content: center;\r\n    margin-bottom: 18px;\r\n    border: 1px solid rgba(255,255,255,0.08);\r\n    overflow: hidden; \/* \ud83d\udd25 permet \u00e0 l\u2019image de rester DANS le rond *\/\r\n}\r\n\r\n\/* Ajustement des images dans le rond *\/\r\n.cstpro-pillar-icon img {\r\n    width: 70%;\r\n    height: 70%;\r\n    object-fit: contain; \/* \ud83d\udd25 \u00e9vite toute d\u00e9formation *\/\r\n    filter: drop-shadow(0 0 6px rgba(56,189,248,0.4)); \/* glow bleut\u00e9 *\/\r\n}\r\n\r\n\r\n.cstpro-pillar-text {\r\n    margin-bottom: 25px;\r\n}\r\n.cstpro-pillar {\r\n    min-height: 300px;\r\n    transition: 0.3s ease;\r\n}\r\n.cstpro-pillar:hover {\r\n    transform: translateY(-6px);\r\n    box-shadow: 0 0 20px rgba(56,189,248,0.25);\r\n}\r\n.cstpro-tag {\r\n    margin-bottom: 6px;\r\n}\r\n\r\nrgba(56,189,248,0.4));\r\n}\r\n<\/style>\r\n\r\n\r\n<section class=\"cstpro-section\" id=\"services-grid\">\r\n  <div class=\"cstpro-inner\">\r\n\r\n    <div class=\"cstpro-pillars\">\r\n\r\n      <!-- SERVICE 1 -->\r\n      <article class=\"cstpro-pillar\">\r\n        <div class=\"cstpro-pillar-icon\">\r\n          <img decoding=\"async\" src=\"https:\/\/cstpro-b2b.com\/wp-content\/uploads\/2025\/11\/1.png\" alt=\"Articles & Reportages\">\r\n        <\/div>\r\n        <h3 class=\"cstpro-pillar-title\">B2B Articles &amp; Features<\/h3>\r\n        <p class=\"cstpro-pillar-text\">\r\n          Tailor-made professional content: analytical articles, editorial reports,\r\n          and highlights tailored to the needs of retailers and decision-makers.\r\n        <\/p>\r\n        <div class=\"cstpro-pillar-tags\">\r\n          <span class=\"cstpro-tag\">Editorial approach<\/span>\r\n          <span class=\"cstpro-tag\">Business relevance<\/span>\r\n          <span class=\"cstpro-tag\">Vision in the field<\/span>\r\n        <\/div>\r\n      <\/article>\r\n\r\n      <!-- SERVICE 2 -->\r\n      <article class=\"cstpro-pillar\">\r\n        <div class=\"cstpro-pillar-icon\">\r\n          <img decoding=\"async\" src=\"https:\/\/cstpro-b2b.com\/wp-content\/uploads\/2025\/11\/2.png\" alt=\"Newsletters B2B\">\r\n        <\/div>\r\n        <h3 class=\"cstpro-pillar-title\">Targeted B2B newsletters<\/h3>\r\n        <p class=\"cstpro-pillar-text\">\r\n          Structured business mailings, designed to inform, persuade\r\n          and strengthen the link with your markets. Precise targeting according to your objectives.\r\n        <\/p>\r\n        <div class=\"cstpro-pillar-tags\">\r\n          <span class=\"cstpro-tag\">Segmented distribution<\/span>\r\n          <span class=\"cstpro-tag\">Qualified audience<\/span>\r\n          <span class=\"cstpro-tag\">Premium design<\/span>\r\n        <\/div>\r\n      <\/article>\r\n\r\n      <!-- SERVICE 3 -->\r\n      <article class=\"cstpro-pillar\">\r\n        <div class=\"cstpro-pillar-icon\">\r\n          <img decoding=\"async\" src=\"https:\/\/cstpro-b2b.com\/wp-content\/uploads\/2025\/11\/ChatGPT-Image-22-nov.-2025-16_43_48.png\" alt=\"Contenus IA & Visuels\">\r\n        <\/div>\r\n        <h3 class=\"cstpro-pillar-title\">IA Content &amp; Premium Visuals<\/h3>\r\n        <p class=\"cstpro-pillar-text\">\r\n          Creation of AI images, stylish video sequences and top-of-the-range visuals\r\n          to enhance your professional communications and reinforce your image.\r\n        <\/p>\r\n        <div class=\"cstpro-pillar-tags\">\r\n          <span class=\"cstpro-tag\">IA Visuals<\/span>\r\n          <span class=\"cstpro-tag\">Video creation<\/span>\r\n          <span class=\"cstpro-tag\">CSTPRO signature<\/span>\r\n        <\/div>\r\n      <\/article>\r\n\r\n    <\/div>\r\n\r\n  <\/div>\r\n<\/section>\r\n\t\t\t\t<\/div>\n\t\t\t\t<\/div>\n\t\t\t\t<div class=\"elementor-element elementor-element-b0d0823 elementor-widget elementor-widget-html\" data-id=\"b0d0823\" data-element_type=\"widget\" data-e-type=\"widget\" data-widget_type=\"html.default\">\n\t\t\t\t<div class=\"elementor-widget-container\">\n\t\t\t\t\t<Style>\r\n    \r\n    \/* D\u00e9grad\u00e9 titre *\/\r\n.cstpro-title-xl.gradient {\r\n    background: linear-gradient(90deg, #ffffff, #8ec5ff, #7aa0ff);\r\n    -webkit-background-clip: text;\r\n    -webkit-text-fill-color: transparent;\r\n}\r\n\r\n\/* Ic\u00f4nes dans un rond *\/\r\n.cstpro-pillar-icon {\r\n    width: 72px;\r\n    height: 72px;\r\n    border-radius: 50%;\r\n    background: rgba(255,255,255,0.05);\r\n    border: 1px solid rgba(255,255,255,0.08);\r\n    backdrop-filter: blur(6px);\r\n    display:flex;\r\n    align-items:center;\r\n    justify-content:center;\r\n    margin-bottom:18px;\r\n    overflow:hidden;\r\n}\r\n\r\n.cstpro-pillar-icon img {\r\n    width: 68%;\r\n    height: 68%;\r\n    object-fit: contain;\r\n    filter: drop-shadow(0 0 6px rgba(56,189,248,0.35));\r\n}\r\n\r\n\/* Harmonisation pilier *\/\r\n#services-value .cstpro-pillar {\r\n    min-height: 240px;\r\n    transition:0.3s ease;\r\n}\r\n\r\n#services-value .cstpro-pillar:hover {\r\n    transform: translateY(-6px);\r\n    box-shadow: 0 0 18px rgba(56,189,248,0.25);\r\n}\r\n\r\n<\/Style>\r\n\r\n<section class=\"cstpro-section\" id=\"services-value\">\r\n  <div class=\"cstpro-inner\">\r\n\r\n    <div style=\"text-align:center; max-width:700px; margin:0 auto 40px;\">\r\n      <div class=\"cstpro-badge\">\r\n        <span class=\"cstpro-badge-dot\"><\/span>\r\n        <span>What sets us apart<\/span>\r\n      <\/div>\r\n\r\n      <h2 class=\"cstpro-title-xl gradient\" style=\"margin-top:18px;\">\r\n        An approach designed for tourism decision-makers\r\n      <\/h2>\r\n\r\n      <p class=\"cstpro-subtitle\" style=\"margin:12px auto 0;\">\r\n        More than just a service, CSTPRO-B2B is a way of telling, structuring and distributing your story to the professionals who influence your sales.\r\n        to the professionals who influence your sales.\r\n      <\/p>\r\n    <\/div>\r\n\r\n    <div class=\"cstpro-pillars\" style=\"margin-top:30px;\">\r\n\r\n      <!-- Ciblage professionnel -->\r\n      <article class=\"cstpro-pillar\">\r\n        <div class=\"cstpro-pillar-icon\">\r\n          <img decoding=\"async\" src=\"https:\/\/cstpro-b2b.com\/wp-content\/uploads\/2025\/11\/1-1.png\" alt=\"Ciblage professionnel\">\r\n        <\/div>\r\n        <h3 class=\"cstpro-pillar-title\">Professional targeting<\/h3>\r\n        <p class=\"cstpro-pillar-text\">\r\n          Distribution aimed solely at the key players in the decision-making chain\r\n          chain: travel consultants, buyers, production managers, receptive\r\n          hoteliers and institutions.\r\n        <\/p>\r\n      <\/article>\r\n\r\n      <!-- Impact mesurable -->\r\n      <article class=\"cstpro-pillar\">\r\n        <div class=\"cstpro-pillar-icon\">\r\n          <img decoding=\"async\" src=\"https:\/\/cstpro-b2b.com\/wp-content\/uploads\/2025\/11\/2-1.png\" alt=\"Impact mesurable\">\r\n        <\/div>\r\n        <h3 class=\"cstpro-pillar-title\">Measurable impact<\/h3>\r\n        <p class=\"cstpro-pillar-text\">\r\n          Actions monitored over time: statistics, impact,\r\n          pro interactions and adjustments to boost your visibility\r\n          and consolidate your commercial relationships.\r\n        <\/p>\r\n      <\/article>\r\n\r\n      <!-- Contenus premium -->\r\n      <article class=\"cstpro-pillar\">\r\n        <div class=\"cstpro-pillar-icon\">\r\n          <img decoding=\"async\" src=\"https:\/\/cstpro-b2b.com\/wp-content\/uploads\/2025\/11\/3.png\" alt=\"Contenus premium\">\r\n        <\/div>\r\n        <h3 class=\"cstpro-pillar-title\">Premium content<\/h3>\r\n        <p class=\"cstpro-pillar-text\">\r\n          Demanding editorial production, enhanced by high-quality visuals\r\n          high-quality visuals and masterful AI creations - for a distinctive\r\n          and immediately professional.\r\n        <\/p>\r\n      <\/article>\r\n\r\n    <\/div>\r\n\r\n  <\/div>\r\n<\/section>\r\n\t\t\t\t<\/div>\n\t\t\t\t<\/div>\n\t\t\t\t<div class=\"elementor-element elementor-element-ce1f0ad elementor-widget elementor-widget-html\" data-id=\"ce1f0ad\" data-element_type=\"widget\" data-e-type=\"widget\" data-widget_type=\"html.default\">\n\t\t\t\t<div class=\"elementor-widget-container\">\n\t\t\t\t\t<style>\r\n\r\n\/* === Grille === *\/\r\n.cstpro-pack-grid {\r\n    display: flex;\r\n    flex-wrap: wrap;\r\n    gap: 28px;\r\n    justify-content: center;\r\n    margin-top: 40px;\r\n}\r\n\r\n\/* === Carte pack === *\/\r\n.cstpro-pack {\r\n    background: rgba(255,255,255,0.04);\r\n    border: 1px solid rgba(255,255,255,0.07);\r\n    border-radius: 18px;\r\n    padding: 32px 26px;\r\n    width: 340px;\r\n    backdrop-filter: blur(10px);\r\n    transition: .35s ease;\r\n    position: relative;\r\n    text-align: left;\r\n}\r\n\r\n.cstpro-pack:hover {\r\n    transform: translateY(-6px);\r\n    box-shadow: 0 12px 32px rgba(0, 140, 255, 0.25);\r\n}\r\n\r\n\/* === Badge === *\/\r\n.cstpro-pack-badge {\r\n    display: inline-block;\r\n    padding: 6px 14px;\r\n    font-size: 13px;\r\n    border-radius: 20px;\r\n    background: rgba(56,189,248,0.18);\r\n    color: #bfe4ff;\r\n    margin-bottom: 14px;\r\n}\r\n\r\n\/* === Titres === *\/\r\n.cstpro-pack-title {\r\n    font-size: 22px;\r\n    color: #fff;\r\n    font-weight: 600;\r\n    margin-bottom: 10px;\r\n}\r\n\r\n.cstpro-pack-sub {\r\n    font-size: 16px;\r\n    color: #a7bdd3;\r\n    margin-bottom: 20px;\r\n}\r\n\r\n\/* === Liste === *\/\r\n.cstpro-pack-list {\r\n    list-style: none;\r\n    padding: 0;\r\n    margin: 0 0 12px;\r\n}\r\n\r\n.cstpro-pack-list li {\r\n    margin-bottom: 8px;\r\n    font-size: 15px;\r\n    color: #d3e1ef;\r\n    display: flex;\r\n    align-items: center;\r\n}\r\n\r\n.cstpro-pack-list li:before {\r\n    content: \"\u2714\";\r\n    color: #5ccaff;\r\n    margin-right: 10px;\r\n    font-size: 14px;\r\n}\r\n\r\n\/* === CTA === *\/\r\n.cstpro-pack-cta {\r\n    display: inline-block;\r\n    margin-top: 18px;\r\n    padding: 10px 22px;\r\n    border-radius: 10px;\r\n    border: 1px solid rgba(255,255,255,0.15);\r\n    text-decoration: none;\r\n    color: #fff;\r\n    transition: .3s ease;\r\n}\r\n\r\n.cstpro-pack-cta:hover {\r\n    background: rgba(255,255,255,0.12);\r\n}\r\n\r\n<\/style>\r\n\r\n<div class=\"cstpro-inner\">\r\n\r\n    <div style=\"text-align:center; margin-bottom:40px;\">\r\n      <div class=\"cstpro-kicker\">Offers 2026<\/div>\r\n      <h2 class=\"cstpro-title-xl gradient\">Our Visibility &amp; B2B Content Packs<\/h2>\r\n    <\/div>\r\n\r\n    <div class=\"offer-includes-grid\">\r\n<div class=\"cstpro-pack-grid\">\r\n\r\n  <!-- COLLE ICI LES 6 OU 7 CARTES QUE TU VEUX UTILISER -->\r\n  \r\n  <article class=\"cstpro-pack\">\r\n  <span class=\"cstpro-pack-badge\">Premium Editorial<\/span>\r\n  <h3 class=\"cstpro-pack-title\">Premium Editorial Pack<\/h3>\r\n  <p class=\"cstpro-pack-sub\">In-depth, structured, sales-oriented content for tourism decision-makers.<\/p>\r\n\r\n  <ul class=\"cstpro-pack-list\">\r\n    <li>Long format B2B article<\/li>\r\n    <li>Product analysis &amp; pro storytelling<\/li>\r\n    <li>AGV distribution &amp; professional networks<\/li>\r\n    <li>IA premium visuals<\/li>\r\n  <\/ul>\r\n\r\n  <a href=\"https:\/\/cstpro-b2b.com\/index.php\/pack-editorial-premium\/\" class=\"cstpro-pack-cta\">See the pack<\/a>\r\n<\/article>\r\n<article class=\"cstpro-pack\">\r\n  <span class=\"cstpro-pack-badge\">Visibility<\/span>\r\n  <h3 class=\"cstpro-pack-title\">Visibility Pack Pro<\/h3>\r\n  <p class=\"cstpro-pack-sub\">The essential pack to quickly put your establishment in the spotlight.<\/p>\r\n\r\n  <ul class=\"cstpro-pack-list\">\r\n    <li>AGV B2B article<\/li>\r\n    <li>Targeted newsletter +50,000 professionals<\/li>\r\n    <li>LinkedIn Relay CSTPRO<\/li>\r\n    <li>High-quality IA visuals<\/li>\r\n  <\/ul>\r\n\r\n  <a href=\"https:\/\/cstpro-b2b.com\/index.php\/pack-visibilite-pro-cstpro\/\" class=\"cstpro-pack-cta\">Discover<\/a>\r\n<\/article>\r\n\r\n\r\n\r\n<article class=\"cstpro-pack\">\r\n  <span class=\"cstpro-pack-badge\">B2B article<\/span>\r\n  <h3 class=\"cstpro-pack-title\">B2B Professional article<\/h3>\r\n  <p class=\"cstpro-pack-sub\">\r\n    A clear, structured article aimed at AGVs and decision-makers, designed to present your offer\r\n    in a professional way that salespeople can use immediately.\r\n  <\/p>\r\n\r\n  <ul class=\"cstpro-pack-list\">\r\n    <li>Commercial analysis &amp; AGV sales pitch<\/li>\r\n    <li>Focus on differentiating points<\/li>\r\n    <li>Sales tips &amp; targets<\/li>\r\n    <li>AGV distribution &amp; professional networks<\/li>\r\n  <\/ul>\r\n\r\n  <a href=\"https:\/\/cstpro-b2b.com\/index.php\/article-b2b-cstpro\/\" class=\"cstpro-pack-cta\">\r\n    See the pack\r\n  <\/a>\r\n<\/article>\r\n\r\n\r\n\r\n<article class=\"cstpro-pack\">\r\n  <span class=\"cstpro-pack-badge\">Push AGV<\/span>\r\n  <h3 class=\"cstpro-pack-title\">Pack Push Newsletter Agents<\/h3>\r\n  <p class=\"cstpro-pack-sub\">The pack dedicated to sales campaigns, ultra-targeted AGV.<\/p>\r\n\r\n  <ul class=\"cstpro-pack-list\">\r\n    <li>Dedicated AGV newsletter<\/li>\r\n    <li>Segmentation AGV \/ independent networks<\/li>\r\n    <li>Sales &amp; product message<\/li>\r\n    <li>AGV relaunch option<\/li>\r\n  <\/ul>\r\n\r\n  <a href=\"https:\/\/cstpro-b2b.com\/index.php\/pack-push-newsletter-agents\/\" class=\"cstpro-pack-cta\">See the pack<\/a>\r\n<\/article>\r\n<article class=\"cstpro-pack\">\r\n  <span class=\"cstpro-pack-badge\">Reportage Pro<\/span>\r\n  <h3 class=\"cstpro-pack-title\">LinkedIn Report Pack<\/h3>\r\n  <p class=\"cstpro-pack-sub\">Powerful narrative content, ideal for telling your story to decision-makers.<\/p>\r\n\r\n  <ul class=\"cstpro-pack-list\">\r\n    <li>Structured full report<\/li>\r\n    <li>Optimised LinkedIn distribution<\/li>\r\n    <li>IA premium visuals<\/li>\r\n    <li>CSTPRO relay<\/li>\r\n  <\/ul>\r\n\r\n  <a href=\"https:\/\/cstpro-b2b.com\/index.php\/pack-reportage-linkedin-professionnel\/\" class=\"cstpro-pack-cta\">Visit<\/a>\r\n<\/article>\r\n<article class=\"cstpro-pack\">\r\n  <span class=\"cstpro-pack-badge\">Long term<\/span>\r\n  <h3 class=\"cstpro-pack-title\">Long-Term Advancement Pack<\/h3>\r\n  <p class=\"cstpro-pack-sub\">A lasting presence in the CSTPRO ecosystem, designed to strengthen your image.<\/p>\r\n\r\n  <ul class=\"cstpro-pack-list\">\r\n    <li>4 customised editorial contents<\/li>\r\n    <li>2 dedicated newsletters<\/li>\r\n    <li>Visibility AGV &amp; pros<\/li>\r\n    <li>Clips &amp; visuals IA<\/li>\r\n  <\/ul>\r\n\r\n  <a href=\"https:\/\/cstpro-b2b.com\/index.php\/pack-mise-en-avant-long-terme\/\" class=\"cstpro-pack-cta\">Discover<\/a>\r\n<\/article>\r\n<article class=\"cstpro-pack\">\r\n  <span class=\"cstpro-pack-badge\">AI inspiration<\/span>\r\n  <h3 class=\"cstpro-pack-title\">Inspiration Videos &amp; Content Pack<\/h3>\r\n  <p class=\"cstpro-pack-sub\">IA premium visuals and videos to modernise your communication.<\/p>\r\n\r\n  <ul class=\"cstpro-pack-list\">\r\n    <li>Stylish AI video clips<\/li>\r\n    <li>IA premium Midjourney visuals<\/li>\r\n    <li>Animation + social media format<\/li>\r\n    <li>Branding CSTPRO<\/li>\r\n  <\/ul>\r\n\r\n  <a href=\"https:\/\/cstpro-b2b.com\/index.php\/pack-videos-contenus-inspirationnels\/\" class=\"cstpro-pack-cta\">See the pack<\/a>\r\n<\/article>\r\n\r\n\r\n<\/div>\r\n\t\t\t\t<\/div>\n\t\t\t\t<\/div>\n\t\t\t\t<div class=\"elementor-element elementor-element-865c6da elementor-widget elementor-widget-html\" data-id=\"865c6da\" data-element_type=\"widget\" data-e-type=\"widget\" data-widget_type=\"html.default\">\n\t\t\t\t<div class=\"elementor-widget-container\">\n\t\t\t\t\t<section class=\"cstpro-section\" id=\"packs-compare\">\r\n  <div class=\"cstpro-inner\">\r\n\r\n    <div style=\"text-align:center; margin-bottom:30px;\">\r\n      <div class=\"cstpro-kicker\">Quick comparison<\/div>\r\n      <h2 class=\"cstpro-title-xl gradient\">Which pack is right for you?<\/h2>\r\n    <\/div>\r\n\r\n    <table style=\"width:100%; border-collapse:collapse; color:#dbe5ff; font-size:15px;\">\r\n      <tr style=\"border-bottom:1px solid rgba(148,163,199,0.25);\">\r\n        <th style=\"padding:12px;\">Pack<\/th>\r\n        <th style=\"padding:12px;\">Objective<\/th>\r\n        <th style=\"padding:12px;\">Broadcast<\/th>\r\n        <th style=\"padding:12px;\">Prices<\/th>\r\n      <\/tr>\r\n\r\n      <tr>\r\n        <td style=\"padding:12px;\">Premium Editorial<\/td>\r\n        <td style=\"padding:12px;\">Image &amp; storytelling<\/td>\r\n        <td style=\"padding:12px;\">CSTPRO Networks<\/td>\r\n        <td style=\"padding:12px;\">490 \u20ac<\/td>\r\n      <\/tr>\r\n\r\n      <tr>\r\n        <td style=\"padding:12px;\">Visibilit\u00e9 Pro<\/td>\r\n        <td style=\"padding:12px;\">Rapid impact AGV<\/td>\r\n        <td style=\"padding:12px;\">LinkedIn + AGV Groups<\/td>\r\n        <td style=\"padding:12px;\">249 \u20ac<\/td>\r\n      <\/tr>\r\n\r\n      <tr>\r\n        <td style=\"padding:12px;\">B2B article<\/td>\r\n        <td style=\"padding:12px;\">Useful information AGV<\/td>\r\n        <td style=\"padding:12px;\">CSTPRO + networks<\/td>\r\n        <td style=\"padding:12px;\">199 \u20ac<\/td>\r\n      <\/tr>\r\n\r\n      <tr>\r\n        <td style=\"padding:12px;\">AGV Newsletter<\/td>\r\n        <td style=\"padding:12px;\">Direct email distribution<\/td>\r\n        <td style=\"padding:12px;\">AGV email database<\/td>\r\n        <td style=\"padding:12px;\">180 \u20ac<\/td>\r\n      <\/tr>\r\n\r\n      <tr>\r\n        <td style=\"padding:12px;\">LinkedIn report<\/td>\r\n        <td style=\"padding:12px;\">Professional credibility<\/td>\r\n        <td style=\"padding:12px;\">LinkedIn + Groups<\/td>\r\n        <td style=\"padding:12px;\">199 \u20ac<\/td>\r\n      <\/tr>\r\n\r\n      <tr>\r\n        <td style=\"padding:12px;\">Long-term (3-6 months)<\/td>\r\n        <td style=\"padding:12px;\">Continuous visibility<\/td>\r\n        <td style=\"padding:12px;\">All CSTPRO networks<\/td>\r\n        <td style=\"padding:12px;\">490-890 \u20ac<\/td>\r\n      <\/tr>\r\n\r\n      <tr>\r\n        <td style=\"padding:12px;\">Breeziful<\/td>\r\n        <td style=\"padding:12px;\">Inspiration &amp; emotion<\/td>\r\n        <td style=\"padding:12px;\">Breeziful + networks<\/td>\r\n        <td style=\"padding:12px;\">299 \u20ac<\/td>\r\n      <\/tr>\r\n    <\/table>\r\n\r\n  <\/div>\r\n<\/section>\r\n\t\t\t\t<\/div>\n\t\t\t\t<\/div>\n\t\t\t\t<div class=\"elementor-element elementor-element-03d2f87 elementor-widget elementor-widget-html\" data-id=\"03d2f87\" data-element_type=\"widget\" data-e-type=\"widget\" data-widget_type=\"html.default\">\n\t\t\t\t<div class=\"elementor-widget-container\">\n\t\t\t\t\t<style>\r\n    \r\n    .cstpro-strip-link {\r\n  color: #ffffff;\r\n  text-decoration: underline;\r\n  font-weight: 600;\r\n  transition: 0.25s ease;\r\n}\r\n\r\n.cstpro-strip-link:hover {\r\n  color: #F6B13A; \/* ta couleur CSTPRO or premium *\/\r\n  text-decoration: none;\r\n}\r\n\r\n<\/style>\r\n\r\n<section class=\"cstpro-section\" id=\"services-cta\">\r\n  <div class=\"cstpro-inner\">\r\n    <div class=\"cstpro-strip\">\r\n      <span class=\"cstpro-strip-strong\">Ready to promote your establishment?<\/span>\r\n      <span>\r\n        <a href=\"https:\/\/cstpro-b2b.com\/index.php\/contact-pro\/\" \r\n           class=\"cstpro-strip-link\">\r\n          Contact CSTPRO-B2B for a personalised proposal.\r\n        <\/a>\r\n      <\/span>\r\n    <\/div>\r\n  <\/div>\r\n<\/section>\r\n\t\t\t\t<\/div>\n\t\t\t\t<\/div>\n\t\t\t\t<\/div>\n\t\t\t\t<\/div>","protected":false},"excerpt":{"rendered":"<p>Solutions CSTPRO-B2B Services d\u00e9di\u00e9s aux h\u00f4tels, r\u00e9ceptifs et destinations Une gamme de services \u00e9ditoriaux, strat\u00e9giques et visuels pens\u00e9e pour connecter votre \u00e9tablissement aux bons d\u00e9cideurs du tourisme B2B. Articles &#038; Reportages B2B Contenus professionnels cr\u00e9\u00e9s sur mesure : articles analytiques, reportages \u00e9ditoriaux, d\u00e9cryptages terrain et mises en valeur adapt\u00e9es aux attentes des revendeurs et d\u00e9cideurs. [&hellip;]<\/p>\n","protected":false},"author":1,"featured_media":0,"parent":0,"menu_order":0,"comment_status":"closed","ping_status":"closed","template":"elementor_header_footer","meta":{"site-sidebar-layout":"no-sidebar","site-content-layout":"page-builder","ast-site-content-layout":"full-width-container","site-content-style":"default","site-sidebar-style":"default","ast-global-header-display":"","ast-banner-title-visibility":"","ast-main-header-display":"","ast-hfb-above-header-display":"","ast-hfb-below-header-display":"","ast-hfb-mobile-header-display":"","site-post-title":"","ast-breadcrumbs-content":"","ast-featured-img":"disabled","footer-sml-layout":"","ast-disable-related-posts":"","theme-transparent-header-meta":"","adv-header-id-meta":"","stick-header-meta":"","header-above-stick-meta":"","header-main-stick-meta":"","header-below-stick-meta":"","astra-migrate-meta-layouts":"set","ast-page-background-enabled":"default","ast-page-background-meta":{"desktop":{"background-color":"","background-image":"","background-repeat":"repeat","background-position":"center center","background-size":"auto","background-attachment":"scroll","background-type":"","background-media":"","overlay-type":"","overlay-color":"","overlay-opacity":"","overlay-gradient":""},"tablet":{"background-color":"","background-image":"","background-repeat":"repeat","background-position":"center center","background-size":"auto","background-attachment":"scroll","background-type":"","background-media":"","overlay-type":"","overlay-color":"","overlay-opacity":"","overlay-gradient":""},"mobile":{"background-color":"","background-image":"","background-repeat":"repeat","background-position":"center center","background-size":"auto","background-attachment":"scroll","background-type":"","background-media":"","overlay-type":"","overlay-color":"","overlay-opacity":"","overlay-gradient":""}},"ast-content-background-meta":{"desktop":{"background-color":"var(--ast-global-color-5)","background-image":"","background-repeat":"repeat","background-position":"center center","background-size":"auto","background-attachment":"scroll","background-type":"","background-media":"","overlay-type":"","overlay-color":"","overlay-opacity":"","overlay-gradient":""},"tablet":{"background-color":"var(--ast-global-color-5)","background-image":"","background-repeat":"repeat","background-position":"center center","background-size":"auto","background-attachment":"scroll","background-type":"","background-media":"","overlay-type":"","overlay-color":"","overlay-opacity":"","overlay-gradient":""},"mobile":{"background-color":"var(--ast-global-color-5)","background-image":"","background-repeat":"repeat","background-position":"center center","background-size":"auto","background-attachment":"scroll","background-type":"","background-media":"","overlay-type":"","overlay-color":"","overlay-opacity":"","overlay-gradient":""}},"footnotes":""},"class_list":["post-2666","page","type-page","status-publish","hentry"],"_links":{"self":[{"href":"https:\/\/cstpro-b2b.com\/en\/wp-json\/wp\/v2\/pages\/2666","targetHints":{"allow":["GET"]}}],"collection":[{"href":"https:\/\/cstpro-b2b.com\/en\/wp-json\/wp\/v2\/pages"}],"about":[{"href":"https:\/\/cstpro-b2b.com\/en\/wp-json\/wp\/v2\/types\/page"}],"author":[{"embeddable":true,"href":"https:\/\/cstpro-b2b.com\/en\/wp-json\/wp\/v2\/users\/1"}],"replies":[{"embeddable":true,"href":"https:\/\/cstpro-b2b.com\/en\/wp-json\/wp\/v2\/comments?post=2666"}],"version-history":[{"count":61,"href":"https:\/\/cstpro-b2b.com\/en\/wp-json\/wp\/v2\/pages\/2666\/revisions"}],"predecessor-version":[{"id":3099,"href":"https:\/\/cstpro-b2b.com\/en\/wp-json\/wp\/v2\/pages\/2666\/revisions\/3099"}],"wp:attachment":[{"href":"https:\/\/cstpro-b2b.com\/en\/wp-json\/wp\/v2\/media?parent=2666"}],"curies":[{"name":"wp","href":"https:\/\/api.w.org\/{rel}","templated":true}]}}