{"id":2850,"date":"2025-11-24T11:38:44","date_gmt":"2025-11-24T10:38:44","guid":{"rendered":"https:\/\/cstpro-b2b.com\/?page_id=2850"},"modified":"2025-11-25T09:49:50","modified_gmt":"2025-11-25T08:49:50","slug":"pack-push-newsletter-agents","status":"publish","type":"page","link":"https:\/\/cstpro-b2b.com\/en\/pack-push-newsletter-agents\/","title":{"rendered":"PACK: PUSH NEWSLETTER AGENTS"},"content":{"rendered":"<div data-elementor-type=\"wp-page\" data-elementor-id=\"2850\" class=\"elementor elementor-2850\">\n\t\t\t\t<div class=\"elementor-element elementor-element-2673502 e-con-full e-flex e-con e-parent\" data-id=\"2673502\" data-element_type=\"container\" data-e-type=\"container\" data-settings=\"{&quot;background_background&quot;:&quot;video&quot;,&quot;background_video_link&quot;:&quot;https:\\\/\\\/cstpro-b2b.com\\\/wp-content\\\/uploads\\\/2025\\\/11\\\/video_compressed-1.mp4&quot;,&quot;background_play_on_mobile&quot;:&quot;yes&quot;}\">\n\t\t<div class=\"elementor-background-video-container\">\n\t\t\t\t\t\t\t<video class=\"elementor-background-video-hosted\" role=\"presentation\" autoplay muted playsinline loop><\/video>\n\t\t\t\t\t<\/div>\t\t<div class=\"elementor-element elementor-element-60180c4 elementor-widget elementor-widget-html\" data-id=\"60180c4\" data-element_type=\"widget\" data-e-type=\"widget\" data-widget_type=\"html.default\">\n\t\t\t\t<div class=\"elementor-widget-container\">\n\t\t\t\t\t<style>\r\n\/* \u2500\u2500\u2500\u2500\u2500\u2500\u2500\u2500\u2500\u2500\u2500\u2500\u2500\u2500\u2500\u2500\u2500\u2500\u2500\u2500\u2500\u2500\u2500\u2500\u2500\u2500\u2500\u2500\u2500\u2500\u2500\u2500\u2500\u2500\u2500\u2500\u2500\u2500\u2500\u2500\u2500\u2500\u2500\r\n   BASE HERO - BOUTONS - BADGES D'OFFRE\r\n\u2500\u2500\u2500\u2500\u2500\u2500\u2500\u2500\u2500\u2500\u2500\u2500\u2500\u2500\u2500\u2500\u2500\u2500\u2500\u2500\u2500\u2500\u2500\u2500\u2500\u2500\u2500\u2500\u2500\u2500\u2500\u2500\u2500\u2500\u2500\u2500\u2500\u2500\u2500\u2500\u2500\u2500\u2500 *\/\r\n.offer-hero-badge {\r\n    display:inline-flex;\r\n    align-items:center;\r\n    padding:6px 14px;\r\n    border-radius:999px;\r\n    border:1px solid rgba(255,255,255,0.18);\r\n    background:rgba(255,255,255,0.06);\r\n    color:#c7d7ff;\r\n    font-size:12px;\r\n    letter-spacing:.18em;\r\n    text-transform:uppercase;\r\n}\r\n\r\n.offer-hero-title {\r\n    font-size:44px;\r\n    font-weight:700;\r\n    margin-top:18px;\r\n    background:linear-gradient(90deg,#ffffff,#a8c4ff,#7ba0ff);\r\n    -webkit-background-clip:text;\r\n    -webkit-text-fill-color:transparent;\r\n}\r\n\r\n.offer-hero-subtitle {\r\n    margin-top:14px;\r\n    font-size:18px;\r\n    color:#d4ddff;\r\n    line-height:1.6;\r\n}\r\n\r\n.offer-hero-actions {\r\n    margin-top:26px;\r\n    display:flex;\r\n    gap:16px;\r\n    justify-content:center;\r\n    flex-wrap:wrap;\r\n}\r\n\r\n.offer-btn-primary,\r\n.offer-btn-ghost {\r\n    display:inline-block;\r\n    padding:12px 26px;\r\n    border-radius:30px;\r\n    font-weight:600;\r\n    font-size:14px;\r\n    text-decoration:none;\r\n}\r\n\r\n.offer-btn-primary {\r\n    background:#38bdf8;\r\n    color:#020617;\r\n    box-shadow:0 12px 40px rgba(56,189,248,0.6);\r\n}\r\n.offer-btn-primary:hover {\r\n    background:#e5ebff;\r\n    box-shadow:0 18px 50px rgba(56,189,248,0.75);\r\n}\r\n\r\n.offer-btn-ghost {\r\n    border:1px solid rgba(226,232,255,0.6);\r\n    color:#e5ebff;\r\n    background:rgba(15,23,42,0.35);\r\n}\r\n.offer-btn-ghost:hover {\r\n    background:rgba(248,250,252,0.96);\r\n    color:#020617;\r\n}\r\n\r\n\r\n\/* \u2500\u2500\u2500\u2500\u2500\u2500\u2500\u2500\u2500\u2500\u2500\u2500\u2500\u2500\u2500\u2500\u2500\u2500\u2500\u2500\u2500\u2500\u2500\u2500\u2500\u2500\u2500\u2500\u2500\u2500\u2500\u2500\u2500\u2500\u2500\u2500\u2500\u2500\u2500\u2500\u2500\u2500\u2500\r\n   COLUMNS \u2014 INTRO & OBJECTIFS\r\n\u2500\u2500\u2500\u2500\u2500\u2500\u2500\u2500\u2500\u2500\u2500\u2500\u2500\u2500\u2500\u2500\u2500\u2500\u2500\u2500\u2500\u2500\u2500\u2500\u2500\u2500\u2500\u2500\u2500\u2500\u2500\u2500\u2500\u2500\u2500\u2500\u2500\u2500\u2500\u2500\u2500\u2500\u2500 *\/\r\n.offer-columns {\r\n    display:grid;\r\n    grid-template-columns: 1.1fr 1fr;\r\n    gap:40px;\r\n    margin-top:40px;\r\n}\r\n\r\n.offer-block-title {\r\n    font-size:22px;\r\n    font-weight:600;\r\n    color:#e5ebff;\r\n    margin-bottom:10px;\r\n}\r\n\r\n.offer-block-text {\r\n    font-size:15px;\r\n    color:#cbd5ff;\r\n    line-height:1.7;\r\n}\r\n\r\n.offer-list {\r\n    margin:0;\r\n    padding-left:18px;\r\n    color:#cbd5ff;\r\n    font-size:15px;\r\n    line-height:1.7;\r\n}\r\n\r\n.offer-list li {\r\n    margin-bottom:6px;\r\n}\r\n\r\n\r\n\/* \u2500\u2500\u2500\u2500\u2500\u2500\u2500\u2500\u2500\u2500\u2500\u2500\u2500\u2500\u2500\u2500\u2500\u2500\u2500\u2500\u2500\u2500\u2500\u2500\u2500\u2500\u2500\u2500\u2500\u2500\u2500\u2500\u2500\u2500\u2500\u2500\u2500\u2500\u2500\u2500\u2500\u2500\u2500\r\n   CARDS \u2014 CONTENU DU PACK\r\n\u2500\u2500\u2500\u2500\u2500\u2500\u2500\u2500\u2500\u2500\u2500\u2500\u2500\u2500\u2500\u2500\u2500\u2500\u2500\u2500\u2500\u2500\u2500\u2500\u2500\u2500\u2500\u2500\u2500\u2500\u2500\u2500\u2500\u2500\u2500\u2500\u2500\u2500\u2500\u2500\u2500\u2500\u2500 *\/\r\n.offer-includes-grid {\r\n    display:grid;\r\n    grid-template-columns: repeat(3,minmax(0,1fr));\r\n    gap:22px;\r\n    margin-top:30px;\r\n}\r\n\r\n.offer-card {\r\n    padding:22px 18px;\r\n    border-radius:18px;\r\n    background:rgba(255,255,255,0.04);\r\n    border:1px solid rgba(148,163,199,0.25);\r\n    box-shadow:0 14px 40px rgba(15,23,42,0.85);\r\n}\r\n\r\n.offer-card-title {\r\n    font-size:16px;\r\n    font-weight:600;\r\n    color:#e5ebff;\r\n    margin-bottom:8px;\r\n}\r\n\r\n.offer-card-text {\r\n    font-size:14px;\r\n    color:#a9b5d8;\r\n}\r\n\r\n\r\n\/* \u2500\u2500\u2500\u2500\u2500\u2500\u2500\u2500\u2500\u2500\u2500\u2500\u2500\u2500\u2500\u2500\u2500\u2500\u2500\u2500\u2500\u2500\u2500\u2500\u2500\u2500\u2500\u2500\u2500\u2500\u2500\u2500\u2500\u2500\u2500\u2500\u2500\u2500\u2500\u2500\u2500\u2500\u2500\r\n   HIGHLIGHT \u2014 BANDE D'INFO\r\n\u2500\u2500\u2500\u2500\u2500\u2500\u2500\u2500\u2500\u2500\u2500\u2500\u2500\u2500\u2500\u2500\u2500\u2500\u2500\u2500\u2500\u2500\u2500\u2500\u2500\u2500\u2500\u2500\u2500\u2500\u2500\u2500\u2500\u2500\u2500\u2500\u2500\u2500\u2500\u2500\u2500\u2500\u2500 *\/\r\n.offer-highlight {\r\n    margin-top:26px;\r\n    padding:16px 18px;\r\n    border-radius:14px;\r\n    background:linear-gradient(90deg,rgba(56,189,248,0.12),rgba(129,140,248,0.08));\r\n    border:1px solid rgba(129,140,248,0.55);\r\n    font-size:14px;\r\n    color:#d8e3ff;\r\n}\r\n\r\n\r\n\/* \u2500\u2500\u2500\u2500\u2500\u2500\u2500\u2500\u2500\u2500\u2500\u2500\u2500\u2500\u2500\u2500\u2500\u2500\u2500\u2500\u2500\u2500\u2500\u2500\u2500\u2500\u2500\u2500\u2500\u2500\u2500\u2500\u2500\u2500\u2500\u2500\u2500\u2500\u2500\u2500\u2500\u2500\u2500\r\n   CTA FINAL\r\n\u2500\u2500\u2500\u2500\u2500\u2500\u2500\u2500\u2500\u2500\u2500\u2500\u2500\u2500\u2500\u2500\u2500\u2500\u2500\u2500\u2500\u2500\u2500\u2500\u2500\u2500\u2500\u2500\u2500\u2500\u2500\u2500\u2500\u2500\u2500\u2500\u2500\u2500\u2500\u2500\u2500\u2500\u2500 *\/\r\n.offer-cta-band {\r\n    margin-top:40px;\r\n    padding:18px 24px;\r\n    border-radius:999px;\r\n    border:1px solid rgba(148,163,199,0.5);\r\n    background:linear-gradient(90deg,rgba(15,23,42,0.9),rgba(30,64,175,0.85));\r\n    display:flex;\r\n    align-items:center;\r\n    justify-content:space-between;\r\n    gap:18px;\r\n    font-size:14px;\r\n    color:#dbe5ff;\r\n}\r\n\r\n\r\n\/* \u2500\u2500\u2500\u2500\u2500\u2500\u2500\u2500\u2500\u2500\u2500\u2500\u2500\u2500\u2500\u2500\u2500\u2500\u2500\u2500\u2500\u2500\u2500\u2500\u2500\u2500\u2500\u2500\u2500\u2500\u2500\u2500\u2500\u2500\u2500\u2500\u2500\u2500\u2500\u2500\u2500\u2500\u2500\r\n   TITRES PREMIUM \u2014 DEGRAD\u00c9 BLANC\/ BLEU \/ VIOLET\r\n\u2500\u2500\u2500\u2500\u2500\u2500\u2500\u2500\u2500\u2500\u2500\u2500\u2500\u2500\u2500\u2500\u2500\u2500\u2500\u2500\u2500\u2500\u2500\u2500\u2500\u2500\u2500\u2500\u2500\u2500\u2500\u2500\u2500\u2500\u2500\u2500\u2500\u2500\u2500\u2500\u2500\u2500\u2500 *\/\r\n.offer-columns h2.cstpro-title-xl,\r\n.offer-columns h2.cstpro-title-xl.gradient {\r\n    font-size: 42px !important;\r\n    font-weight: 700 !important;\r\n    line-height: 1.25 !important;\r\n    background: linear-gradient(90deg, #ffffff 0%, #75aaff 40%, #8b7bff 100%) !important;\r\n    -webkit-background-clip: text !important;\r\n    -webkit-text-fill-color: transparent !important;\r\n    text-shadow: 0 0 18px rgba(120,168,255,0.25) !important;\r\n    display: inline-block !important;\r\n    color: transparent !important; \/* pour \u00e9craser Elementor *\/\r\n}\r\n\r\n\/* Sous-titre *\/\r\n.cstpro-kicker {\r\n    color: rgba(255,255,255,0.75) !important;\r\n    font-size: 15px;\r\n    letter-spacing: .5px;\r\n}\r\n\r\n\r\n\/* \u2500\u2500\u2500\u2500\u2500\u2500\u2500\u2500\u2500\u2500\u2500\u2500\u2500\u2500\u2500\u2500\u2500\u2500\u2500\u2500\u2500\u2500\u2500\u2500\u2500\u2500\u2500\u2500\u2500\u2500\u2500\u2500\u2500\u2500\u2500\u2500\u2500\u2500\u2500\u2500\u2500\u2500\u2500\r\n   RESPONSIVE\r\n\u2500\u2500\u2500\u2500\u2500\u2500\u2500\u2500\u2500\u2500\u2500\u2500\u2500\u2500\u2500\u2500\u2500\u2500\u2500\u2500\u2500\u2500\u2500\u2500\u2500\u2500\u2500\u2500\u2500\u2500\u2500\u2500\u2500\u2500\u2500\u2500\u2500\u2500\u2500\u2500\u2500\u2500\u2500 *\/\r\n@media(max-width:900px){\r\n    .offer-columns {\r\n        grid-template-columns: 1fr;\r\n    }\r\n    .offer-includes-grid {\r\n        grid-template-columns: 1fr 1fr;\r\n    }\r\n    .offer-cta-band {\r\n        flex-direction:column;\r\n        align-items:flex-start;\r\n        border-radius:26px;\r\n    }\r\n}\r\n\r\n@media(max-width:640px){\r\n    .offer-includes-grid {\r\n        grid-template-columns: 1fr;\r\n    }\r\n    .offer-hero-title {\r\n        font-size:34px;\r\n    }\r\n    .offer-columns h2.cstpro-title-xl {\r\n        font-size:32px !important;\r\n    }\r\n}\r\n\/* Bandeau haut *\/\r\n.offer-audience-header {\r\n  text-align:center;\r\n  margin-bottom:40px;\r\n}\r\n\r\n.offer-audience-sub {\r\n  font-size:18px;\r\n  color:#d4ddff;\r\n  max-width:700px;\r\n  margin:14px auto 0;\r\n  line-height:1.6;\r\n}\r\n\r\n\/* Grille de 4 statistiques *\/\r\n.offer-audience-grid {\r\n  display:grid;\r\n  grid-template-columns: repeat(4, 1fr);\r\n  gap:26px;\r\n  margin-top:40px;\r\n}\r\n\r\n.stat-card {\r\n  padding:22px;\r\n  border-radius:16px;\r\n  background:rgba(255,255,255,0.03);\r\n  border:1px solid rgba(148,163,199,0.18);\r\n  box-shadow:0 8px 30px rgba(15,23,42,0.6);\r\n}\r\n\r\n.stat-title {\r\n  color:#cbd5ff;\r\n  font-size:15px;\r\n  margin-bottom:8px;\r\n}\r\n\r\n.stat-number {\r\n  font-size:26px;\r\n  font-weight:700;\r\n  margin-bottom:6px;\r\n  background:linear-gradient(90deg,#ffffff,#75aaff,#8b7bff);\r\n  -webkit-background-clip:text;\r\n  -webkit-text-fill-color:transparent;\r\n}\r\n\r\n.stat-desc {\r\n  font-size:14px;\r\n  color:#9fb3d8;\r\n  line-height:1.5;\r\n}\r\n\r\n\/* Responsive *\/\r\n@media(max-width:900px){\r\n  .offer-audience-grid {\r\n    grid-template-columns: 1fr 1fr;\r\n  }\r\n}\r\n\r\n@media(max-width:640px){\r\n  .offer-audience-grid {\r\n    grid-template-columns: 1fr;\r\n  }\r\n  .stat-card {\r\n    text-align:center;\r\n  }\r\n}\r\n.stat-card {\r\n  transition: all .35s ease;\r\n}\r\n\r\n.stat-card:hover {\r\n  transform: translateY(-6px);\r\n  border-color: rgba(120,168,255,0.65);\r\n  box-shadow: 0 18px 40px rgba(80,120,255,0.45);\r\n}\r\n\r\n.offer-audience-header h2 {\r\n  opacity:0;\r\n  transform: translateY(20px);\r\n  animation: fadeUp 1.1s ease forwards;\r\n}\r\n\r\n@keyframes fadeUp {\r\n  to {\r\n    opacity:1;\r\n    transform: translateY(0);\r\n  }\r\n}\r\n.offer-icon-wrapper {\r\n  width: 68px;\r\n  height: 68px;\r\n  border-radius: 50%;\r\n  background: rgba(255,255,255,0.05);\r\n  border: 1px solid rgba(148,163,199,0.25);\r\n  display: flex;\r\n  align-items: center;\r\n  justify-content: center;\r\n  margin-bottom: 14px;\r\n}\r\n\r\n.offer-icon {\r\n  width: 34px;\r\n  height: 34px;\r\n  object-fit: contain;\r\n  display: block;\r\n  opacity: 0.9;\r\n}\r\n\/* Force tous les titres avec class=\"gradient\" \u00e0 avoir ton d\u00e9grad\u00e9 CSTPRO *\/\r\n.gradient {\r\n  background: linear-gradient(90deg, #ffffff 0%, #75aaff 40%, #8b7bff 100%);\r\n  -webkit-background-clip: text;\r\n  -webkit-text-fill-color: transparent;\r\n  text-shadow: 0 0 16px rgba(120,170,255,0.25);\r\n  display: inline-block;\r\n}\r\n\r\n<\/style>\r\n\t\t\t\t<\/div>\n\t\t\t\t<\/div>\n\t\t\t\t<div class=\"elementor-element elementor-element-6b26fac elementor-widget elementor-widget-html\" data-id=\"6b26fac\" data-element_type=\"widget\" data-e-type=\"widget\" data-widget_type=\"html.default\">\n\t\t\t\t<div class=\"elementor-widget-container\">\n\t\t\t\t\t<section id=\"offer-hero\" class=\"cstpro-hero\">\r\n  <video class=\"cstpro-hero-video\" autoplay muted loop playsinline>\r\n    <source src=\"URL_DE_TA_VIDEO_OU_FOND.mp4\" type=\"video\/mp4\">\r\n  <\/video>\r\n  <div class=\"cstpro-hero-overlay\"><\/div>\r\n\r\n  <div class=\"cstpro-hero-content cstpro-inner\">\r\n    <div style=\"max-width:780px; margin:0 auto; text-align:center;\">\r\n\r\n      <div class=\"offer-hero-badge\">\r\n        CSTPRO-B2B offer - Push Newsletter Agents\r\n      <\/div>\r\n\r\n      <h1 class=\"offer-hero-title\">\r\n        B2B Push Newsletter<br>to reach AGVs and decision-makers\r\n      <\/h1>\r\n\r\n      <p class=\"offer-hero-subtitle\">\r\n        Direct delivery to the heart of your market: active travel agents,\r\n        decision-makers, sales teams and B2B tourism players.  \r\n        Your message, your offer, your storytelling - distributed to\r\n        a qualified and committed base.\r\n      <\/p>\r\n\r\n      <div class=\"offer-hero-actions\">\r\n        <a href=\"https:\/\/cstpro-b2b.com\/index.php\/contact-pro\/\" \r\n           class=\"offer-hero-button offer-btn-primary\">\r\n          Talking about my project\r\n        <\/a>\r\n\r\n        <a href=\"https:\/\/cstpro-b2b.com\/index.php\/media-kit-2026\/\">\r\n          See the Media Kit\r\n        <\/a>\r\n      <\/div>\r\n\r\n    <\/div>\r\n  <\/div>\r\n<\/section>\r\n\t\t\t\t<\/div>\n\t\t\t\t<\/div>\n\t\t\t\t<div class=\"elementor-element elementor-element-ca89b5a elementor-widget elementor-widget-html\" data-id=\"ca89b5a\" data-element_type=\"widget\" data-e-type=\"widget\" data-widget_type=\"html.default\">\n\t\t\t\t<div class=\"elementor-widget-container\">\n\t\t\t\t\t<section class=\"cstpro-section\" id=\"offer-newsletter-intro\">\r\n  <div class=\"cstpro-inner\">\r\n\r\n    <div class=\"offer-columns\">\r\n\r\n      <!-- Colonne 1 -->\r\n      <div>\r\n        <div class=\"cstpro-kicker\">Why a push newsletter?<\/div>\r\n\r\n        <h2 class=\"cstpro-title-xl gradient\" style=\"margin-bottom:12px;\">\r\n          To speak directly to travel agents and decision-makers.\r\n        <\/h2>\r\n\r\n        <p class=\"offer-block-text\">\r\n          The CSTPRO Push Newsletter allows you to distribute your offer\r\n          directly into the mailboxes of a professional audience\r\n          professional audience.\r\n        <\/p>\r\n      <\/div>\r\n\r\n      <!-- Colonne 2 -->\r\n      <div>\r\n        <div class=\"offer-block-title\">Aims of the pack :<\/div>\r\n        <ul class=\"offer-list\">\r\n          <li>Acquire massive, immediate professional visibility.<\/li>\r\n          <li>Generate direct requests: information, quotes, catalogues.<\/li>\r\n          <li>To highlight an offer, a launch or a temporary operation.<\/li>\r\n        <\/ul>\r\n      <\/div>\r\n\r\n    <\/div>\r\n\r\n  <\/div>\r\n<\/section>\r\n\t\t\t\t<\/div>\n\t\t\t\t<\/div>\n\t\t\t\t<div class=\"elementor-element elementor-element-b0d0823 elementor-widget elementor-widget-html\" data-id=\"b0d0823\" data-element_type=\"widget\" data-e-type=\"widget\" data-widget_type=\"html.default\">\n\t\t\t\t<div class=\"elementor-widget-container\">\n\t\t\t\t\t<section class=\"cstpro-section\" id=\"offer-newsletter-includes\">\r\n  <div class=\"cstpro-inner\">\r\n\r\n    <div style=\"text-align:center; max-width:720px; margin:0 auto 26px;\">\r\n      <div class=\"cstpro-kicker\">Pack contents<\/div>\r\n\r\n      <h2 class=\"cstpro-title-xl gradient\" style=\"margin-bottom:10px;\">\r\n        Your message broadcast to the heart of the professional ecosystem.\r\n      <\/h2>\r\n\r\n      <p class=\"cstpro-subtitle\" style=\"margin-top:8px;\">\r\n        The CSTPRO Push Newsletter is based on a carefully segmented base of travel agents and\r\n        tourism professionals.\r\n      <\/p>\r\n    <\/div>\r\n\r\n    <div class=\"offer-includes-grid\">\r\n\r\n      <article class=\"offer-card\">\r\n        <div class=\"offer-card-title\">1. Content creation<\/div>\r\n        <div class=\"offer-card-text\">\r\n          Professional copywriting: impactful text, CTA, USP,\r\n          clear structure adapted to AGVs.\r\n        <\/div>\r\n      <\/article>\r\n\r\n      <article class=\"offer-card\">\r\n        <div class=\"offer-card-title\">2. HTML formatting<\/div>\r\n        <div class=\"offer-card-text\">\r\n          Premium CSTPRO layout, responsive, optimised for\r\n          professional messaging systems.\r\n        <\/div>\r\n      <\/article>\r\n\r\n      <article class=\"offer-card\">\r\n        <div class=\"offer-card-title\">3. Distribution to the AGV database<\/div>\r\n        <div class=\"offer-card-text\">\r\n          Sent to a qualified base of active travel agents,\r\n          decision-makers, sales and product teams.\r\n        <\/div>\r\n      <\/article>\r\n\r\n      <article class=\"offer-card\">\r\n        <div class=\"offer-card-title\">4. Monitoring &amp; performance<\/div>\r\n        <div class=\"offer-card-text\">\r\n          Key statistics: opening rate, clicks, most visited link,\r\n          AGV behaviour (depending on your option).\r\n        <\/div>\r\n      <\/article>\r\n\r\n      <article class=\"offer-card\">\r\n        <div class=\"offer-card-title\">5. Optional relaunch<\/div>\r\n        <div class=\"offer-card-text\">\r\n          Possibility of adding a targeted reminder 48 hours after the initial mailing,\r\n          depending on your sales objectives.\r\n        <\/div>\r\n      <\/article>\r\n\r\n      <article class=\"offer-card\">\r\n        <div class=\"offer-card-title\">6. Reusable version<\/div>\r\n        <div class=\"offer-card-text\">\r\n          You will receive the HTML version of the newsletter for reuse\r\n          in your own campaigns.\r\n        <\/div>\r\n      <\/article>\r\n\r\n    <\/div>\r\n\r\n    <div class=\"offer-highlight\">\r\n      This pack is ideal for a launch, a new brochure, a limited offer,\r\n      AGV recruitment or a call for partnerships.\r\n    <\/div>\r\n\r\n  <\/div>\r\n<\/section>\r\n\t\t\t\t<\/div>\n\t\t\t\t<\/div>\n\t\t\t\t<div class=\"elementor-element elementor-element-03d2f87 elementor-widget elementor-widget-html\" data-id=\"03d2f87\" data-element_type=\"widget\" data-e-type=\"widget\" data-widget_type=\"html.default\">\n\t\t\t\t<div class=\"elementor-widget-container\">\n\t\t\t\t\t<div class=\"cstpro-inner\">\r\n  <div style=\"    margin-top:40px;    padding:22px 26px;    border-radius:18px;    background:rgba(255,255,255,0.04);    border:1px solid rgba(148,163,199,0.18);    box-shadow:0 6px 26px rgba(15,23,42,0.5);  \">\r\n    <div style=\"font-size:15px; color:#d0dcff; line-height:1.6;\">\r\n      Want to go further?  \r\n      CSTPRO also carries out <strong style=\"color:#ffffff;\">on-site editorial reporting<\/strong>,\r\n      based on immersion in your establishment or destination.\r\n    <\/div>\r\n\r\n    <div style=\"margin-top:10px;\">\r\n      <a href=\"https:\/\/cstpro-b2b.com\/index.php\/reportages-invitations-professionnelles\/\"\r\n         style=\"font-weight:600; font-size:15px; color:#7db3ff; text-decoration:none;\">\r\n        Discover professional invitations \u2192\r\n      <\/a>\r\n    <\/div>\r\n  <\/div>\r\n<\/div>\r\n\t\t\t\t<\/div>\n\t\t\t\t<\/div>\n\t\t\t\t<div class=\"elementor-element elementor-element-dd3282f elementor-widget elementor-widget-html\" data-id=\"dd3282f\" data-element_type=\"widget\" data-e-type=\"widget\" data-widget_type=\"html.default\">\n\t\t\t\t<div class=\"elementor-widget-container\">\n\t\t\t\t\t<section class=\"cstpro-section\" id=\"offer-newsletter-cta\" style=\"padding-top:20px; padding-bottom:80px;\">\r\n  <div class=\"cstpro-inner\">\r\n\r\n    <div class=\"offer-cta-band\">\r\n      <div>\r\n        <strong>Would you like to promote your offer to AGVs?<\/strong><br>\r\n        Tell us your objective: we'll design and send out the dedicated newsletter\r\n        to the CSTPRO professional ecosystem.\r\n      <\/div>\r\n\r\n      <div>\r\n        <a href=\"https:\/\/cstpro-b2b.com\/index.php\/contact-pro\/\" \r\n           class=\"offer-hero-button offer-btn-primary\">\r\n          Talking about my project\r\n        <\/a>\r\n      <\/div>\r\n    <\/div>\r\n\r\n  <\/div>\r\n<\/section>\r\n\t\t\t\t<\/div>\n\t\t\t\t<\/div>\n\t\t\t\t<\/div>\n\t\t\t\t<\/div>","protected":false},"excerpt":{"rendered":"<p>Offre CSTPRO-B2B \u00b7 Push Newsletter Agents Push Newsletter B2Bpour toucher les AGV &#038; d\u00e9cideurs Un envoi direct au c\u0153ur de votre march\u00e9 : agents de voyages actifs, d\u00e9cideurs, \u00e9quipes commerciales et acteurs du tourisme B2B. Votre message, votre offre, votre storytelling \u2014 diffus\u00e9s aupr\u00e8s d\u2019une base qualifi\u00e9e et engag\u00e9e. Parler de mon projet Voir le [&hellip;]<\/p>\n","protected":false},"author":1,"featured_media":0,"parent":0,"menu_order":0,"comment_status":"closed","ping_status":"closed","template":"elementor_header_footer","meta":{"site-sidebar-layout":"no-sidebar","site-content-layout":"page-builder","ast-site-content-layout":"full-width-container","site-content-style":"default","site-sidebar-style":"default","ast-global-header-display":"","ast-banner-title-visibility":"","ast-main-header-display":"","ast-hfb-above-header-display":"","ast-hfb-below-header-display":"","ast-hfb-mobile-header-display":"","site-post-title":"","ast-breadcrumbs-content":"","ast-featured-img":"disabled","footer-sml-layout":"","ast-disable-related-posts":"","theme-transparent-header-meta":"","adv-header-id-meta":"","stick-header-meta":"","header-above-stick-meta":"","header-main-stick-meta":"","header-below-stick-meta":"","astra-migrate-meta-layouts":"set","ast-page-background-enabled":"default","ast-page-background-meta":{"desktop":{"background-color":"","background-image":"","background-repeat":"repeat","background-position":"center center","background-size":"auto","background-attachment":"scroll","background-type":"","background-media":"","overlay-type":"","overlay-color":"","overlay-opacity":"","overlay-gradient":""},"tablet":{"background-color":"","background-image":"","background-repeat":"repeat","background-position":"center center","background-size":"auto","background-attachment":"scroll","background-type":"","background-media":"","overlay-type":"","overlay-color":"","overlay-opacity":"","overlay-gradient":""},"mobile":{"background-color":"","background-image":"","background-repeat":"repeat","background-position":"center center","background-size":"auto","background-attachment":"scroll","background-type":"","background-media":"","overlay-type":"","overlay-color":"","overlay-opacity":"","overlay-gradient":""}},"ast-content-background-meta":{"desktop":{"background-color":"var(--ast-global-color-5)","background-image":"","background-repeat":"repeat","background-position":"center center","background-size":"auto","background-attachment":"scroll","background-type":"","background-media":"","overlay-type":"","overlay-color":"","overlay-opacity":"","overlay-gradient":""},"tablet":{"background-color":"var(--ast-global-color-5)","background-image":"","background-repeat":"repeat","background-position":"center center","background-size":"auto","background-attachment":"scroll","background-type":"","background-media":"","overlay-type":"","overlay-color":"","overlay-opacity":"","overlay-gradient":""},"mobile":{"background-color":"var(--ast-global-color-5)","background-image":"","background-repeat":"repeat","background-position":"center center","background-size":"auto","background-attachment":"scroll","background-type":"","background-media":"","overlay-type":"","overlay-color":"","overlay-opacity":"","overlay-gradient":""}},"footnotes":""},"class_list":["post-2850","page","type-page","status-publish","hentry"],"_links":{"self":[{"href":"https:\/\/cstpro-b2b.com\/en\/wp-json\/wp\/v2\/pages\/2850","targetHints":{"allow":["GET"]}}],"collection":[{"href":"https:\/\/cstpro-b2b.com\/en\/wp-json\/wp\/v2\/pages"}],"about":[{"href":"https:\/\/cstpro-b2b.com\/en\/wp-json\/wp\/v2\/types\/page"}],"author":[{"embeddable":true,"href":"https:\/\/cstpro-b2b.com\/en\/wp-json\/wp\/v2\/users\/1"}],"replies":[{"embeddable":true,"href":"https:\/\/cstpro-b2b.com\/en\/wp-json\/wp\/v2\/comments?post=2850"}],"version-history":[{"count":13,"href":"https:\/\/cstpro-b2b.com\/en\/wp-json\/wp\/v2\/pages\/2850\/revisions"}],"predecessor-version":[{"id":3068,"href":"https:\/\/cstpro-b2b.com\/en\/wp-json\/wp\/v2\/pages\/2850\/revisions\/3068"}],"wp:attachment":[{"href":"https:\/\/cstpro-b2b.com\/en\/wp-json\/wp\/v2\/media?parent=2850"}],"curies":[{"name":"wp","href":"https:\/\/api.w.org\/{rel}","templated":true}]}}