{"id":2855,"date":"2025-11-24T11:41:27","date_gmt":"2025-11-24T10:41:27","guid":{"rendered":"https:\/\/cstpro-b2b.com\/?page_id=2855"},"modified":"2025-11-25T09:51:14","modified_gmt":"2025-11-25T08:51:14","slug":"pack-reportage-linkedin-professionnel","status":"publish","type":"page","link":"https:\/\/cstpro-b2b.com\/en\/pack-reportage-linkedin-professionnel\/","title":{"rendered":"PROFESSIONAL LINKEDIN REPORT PACK"},"content":{"rendered":"<div data-elementor-type=\"wp-page\" data-elementor-id=\"2855\" class=\"elementor elementor-2855\">\n\t\t\t\t<div class=\"elementor-element elementor-element-2673502 e-con-full e-flex e-con e-parent\" data-id=\"2673502\" data-element_type=\"container\" data-e-type=\"container\" data-settings=\"{&quot;background_background&quot;:&quot;video&quot;,&quot;background_video_link&quot;:&quot;https:\\\/\\\/cstpro-b2b.com\\\/wp-content\\\/uploads\\\/2025\\\/11\\\/video_compressed-1.mp4&quot;,&quot;background_play_on_mobile&quot;:&quot;yes&quot;}\">\n\t\t<div class=\"elementor-background-video-container\">\n\t\t\t\t\t\t\t<video class=\"elementor-background-video-hosted\" role=\"presentation\" autoplay muted playsinline loop><\/video>\n\t\t\t\t\t<\/div>\t\t<div class=\"elementor-element elementor-element-60180c4 elementor-widget elementor-widget-html\" data-id=\"60180c4\" data-element_type=\"widget\" data-e-type=\"widget\" data-widget_type=\"html.default\">\n\t\t\t\t<div class=\"elementor-widget-container\">\n\t\t\t\t\t<style>\r\n\/* \u2500\u2500\u2500\u2500\u2500\u2500\u2500\u2500\u2500\u2500\u2500\u2500\u2500\u2500\u2500\u2500\u2500\u2500\u2500\u2500\u2500\u2500\u2500\u2500\u2500\u2500\u2500\u2500\u2500\u2500\u2500\u2500\u2500\u2500\u2500\u2500\u2500\u2500\u2500\u2500\u2500\u2500\u2500\r\n   BASE HERO - BOUTONS - BADGES D'OFFRE\r\n\u2500\u2500\u2500\u2500\u2500\u2500\u2500\u2500\u2500\u2500\u2500\u2500\u2500\u2500\u2500\u2500\u2500\u2500\u2500\u2500\u2500\u2500\u2500\u2500\u2500\u2500\u2500\u2500\u2500\u2500\u2500\u2500\u2500\u2500\u2500\u2500\u2500\u2500\u2500\u2500\u2500\u2500\u2500 *\/\r\n.offer-hero-badge {\r\n    display:inline-flex;\r\n    align-items:center;\r\n    padding:6px 14px;\r\n    border-radius:999px;\r\n    border:1px solid rgba(255,255,255,0.18);\r\n    background:rgba(255,255,255,0.06);\r\n    color:#c7d7ff;\r\n    font-size:12px;\r\n    letter-spacing:.18em;\r\n    text-transform:uppercase;\r\n}\r\n\r\n.offer-hero-title {\r\n    font-size:44px;\r\n    font-weight:700;\r\n    margin-top:18px;\r\n    background:linear-gradient(90deg,#ffffff,#a8c4ff,#7ba0ff);\r\n    -webkit-background-clip:text;\r\n    -webkit-text-fill-color:transparent;\r\n}\r\n\r\n.offer-hero-subtitle {\r\n    margin-top:14px;\r\n    font-size:18px;\r\n    color:#d4ddff;\r\n    line-height:1.6;\r\n}\r\n\r\n.offer-hero-actions {\r\n    margin-top:26px;\r\n    display:flex;\r\n    gap:16px;\r\n    justify-content:center;\r\n    flex-wrap:wrap;\r\n}\r\n\r\n.offer-btn-primary,\r\n.offer-btn-ghost {\r\n    display:inline-block;\r\n    padding:12px 26px;\r\n    border-radius:30px;\r\n    font-weight:600;\r\n    font-size:14px;\r\n    text-decoration:none;\r\n}\r\n\r\n.offer-btn-primary {\r\n    background:#38bdf8;\r\n    color:#020617;\r\n    box-shadow:0 12px 40px rgba(56,189,248,0.6);\r\n}\r\n.offer-btn-primary:hover {\r\n    background:#e5ebff;\r\n    box-shadow:0 18px 50px rgba(56,189,248,0.75);\r\n}\r\n\r\n.offer-btn-ghost {\r\n    border:1px solid rgba(226,232,255,0.6);\r\n    color:#e5ebff;\r\n    background:rgba(15,23,42,0.35);\r\n}\r\n.offer-btn-ghost:hover {\r\n    background:rgba(248,250,252,0.96);\r\n    color:#020617;\r\n}\r\n\r\n\r\n\/* \u2500\u2500\u2500\u2500\u2500\u2500\u2500\u2500\u2500\u2500\u2500\u2500\u2500\u2500\u2500\u2500\u2500\u2500\u2500\u2500\u2500\u2500\u2500\u2500\u2500\u2500\u2500\u2500\u2500\u2500\u2500\u2500\u2500\u2500\u2500\u2500\u2500\u2500\u2500\u2500\u2500\u2500\u2500\r\n   COLUMNS \u2014 INTRO & OBJECTIFS\r\n\u2500\u2500\u2500\u2500\u2500\u2500\u2500\u2500\u2500\u2500\u2500\u2500\u2500\u2500\u2500\u2500\u2500\u2500\u2500\u2500\u2500\u2500\u2500\u2500\u2500\u2500\u2500\u2500\u2500\u2500\u2500\u2500\u2500\u2500\u2500\u2500\u2500\u2500\u2500\u2500\u2500\u2500\u2500 *\/\r\n.offer-columns {\r\n    display:grid;\r\n    grid-template-columns: 1.1fr 1fr;\r\n    gap:40px;\r\n    margin-top:40px;\r\n}\r\n\r\n.offer-block-title {\r\n    font-size:22px;\r\n    font-weight:600;\r\n    color:#e5ebff;\r\n    margin-bottom:10px;\r\n}\r\n\r\n.offer-block-text {\r\n    font-size:15px;\r\n    color:#cbd5ff;\r\n    line-height:1.7;\r\n}\r\n\r\n.offer-list {\r\n    margin:0;\r\n    padding-left:18px;\r\n    color:#cbd5ff;\r\n    font-size:15px;\r\n    line-height:1.7;\r\n}\r\n\r\n.offer-list li {\r\n    margin-bottom:6px;\r\n}\r\n\r\n\r\n\/* \u2500\u2500\u2500\u2500\u2500\u2500\u2500\u2500\u2500\u2500\u2500\u2500\u2500\u2500\u2500\u2500\u2500\u2500\u2500\u2500\u2500\u2500\u2500\u2500\u2500\u2500\u2500\u2500\u2500\u2500\u2500\u2500\u2500\u2500\u2500\u2500\u2500\u2500\u2500\u2500\u2500\u2500\u2500\r\n   CARDS \u2014 CONTENU DU PACK\r\n\u2500\u2500\u2500\u2500\u2500\u2500\u2500\u2500\u2500\u2500\u2500\u2500\u2500\u2500\u2500\u2500\u2500\u2500\u2500\u2500\u2500\u2500\u2500\u2500\u2500\u2500\u2500\u2500\u2500\u2500\u2500\u2500\u2500\u2500\u2500\u2500\u2500\u2500\u2500\u2500\u2500\u2500\u2500 *\/\r\n.offer-includes-grid {\r\n    display:grid;\r\n    grid-template-columns: repeat(3,minmax(0,1fr));\r\n    gap:22px;\r\n    margin-top:30px;\r\n}\r\n\r\n.offer-card {\r\n    padding:22px 18px;\r\n    border-radius:18px;\r\n    background:rgba(255,255,255,0.04);\r\n    border:1px solid rgba(148,163,199,0.25);\r\n    box-shadow:0 14px 40px rgba(15,23,42,0.85);\r\n}\r\n\r\n.offer-card-title {\r\n    font-size:16px;\r\n    font-weight:600;\r\n    color:#e5ebff;\r\n    margin-bottom:8px;\r\n}\r\n\r\n.offer-card-text {\r\n    font-size:14px;\r\n    color:#a9b5d8;\r\n}\r\n\r\n\r\n\/* \u2500\u2500\u2500\u2500\u2500\u2500\u2500\u2500\u2500\u2500\u2500\u2500\u2500\u2500\u2500\u2500\u2500\u2500\u2500\u2500\u2500\u2500\u2500\u2500\u2500\u2500\u2500\u2500\u2500\u2500\u2500\u2500\u2500\u2500\u2500\u2500\u2500\u2500\u2500\u2500\u2500\u2500\u2500\r\n   HIGHLIGHT \u2014 BANDE D'INFO\r\n\u2500\u2500\u2500\u2500\u2500\u2500\u2500\u2500\u2500\u2500\u2500\u2500\u2500\u2500\u2500\u2500\u2500\u2500\u2500\u2500\u2500\u2500\u2500\u2500\u2500\u2500\u2500\u2500\u2500\u2500\u2500\u2500\u2500\u2500\u2500\u2500\u2500\u2500\u2500\u2500\u2500\u2500\u2500 *\/\r\n.offer-highlight {\r\n    margin-top:26px;\r\n    padding:16px 18px;\r\n    border-radius:14px;\r\n    background:linear-gradient(90deg,rgba(56,189,248,0.12),rgba(129,140,248,0.08));\r\n    border:1px solid rgba(129,140,248,0.55);\r\n    font-size:14px;\r\n    color:#d8e3ff;\r\n}\r\n\r\n\r\n\/* \u2500\u2500\u2500\u2500\u2500\u2500\u2500\u2500\u2500\u2500\u2500\u2500\u2500\u2500\u2500\u2500\u2500\u2500\u2500\u2500\u2500\u2500\u2500\u2500\u2500\u2500\u2500\u2500\u2500\u2500\u2500\u2500\u2500\u2500\u2500\u2500\u2500\u2500\u2500\u2500\u2500\u2500\u2500\r\n   CTA FINAL\r\n\u2500\u2500\u2500\u2500\u2500\u2500\u2500\u2500\u2500\u2500\u2500\u2500\u2500\u2500\u2500\u2500\u2500\u2500\u2500\u2500\u2500\u2500\u2500\u2500\u2500\u2500\u2500\u2500\u2500\u2500\u2500\u2500\u2500\u2500\u2500\u2500\u2500\u2500\u2500\u2500\u2500\u2500\u2500 *\/\r\n.offer-cta-band {\r\n    margin-top:40px;\r\n    padding:18px 24px;\r\n    border-radius:999px;\r\n    border:1px solid rgba(148,163,199,0.5);\r\n    background:linear-gradient(90deg,rgba(15,23,42,0.9),rgba(30,64,175,0.85));\r\n    display:flex;\r\n    align-items:center;\r\n    justify-content:space-between;\r\n    gap:18px;\r\n    font-size:14px;\r\n    color:#dbe5ff;\r\n}\r\n\r\n\r\n\/* \u2500\u2500\u2500\u2500\u2500\u2500\u2500\u2500\u2500\u2500\u2500\u2500\u2500\u2500\u2500\u2500\u2500\u2500\u2500\u2500\u2500\u2500\u2500\u2500\u2500\u2500\u2500\u2500\u2500\u2500\u2500\u2500\u2500\u2500\u2500\u2500\u2500\u2500\u2500\u2500\u2500\u2500\u2500\r\n   TITRES PREMIUM \u2014 DEGRAD\u00c9 BLANC\/ BLEU \/ VIOLET\r\n\u2500\u2500\u2500\u2500\u2500\u2500\u2500\u2500\u2500\u2500\u2500\u2500\u2500\u2500\u2500\u2500\u2500\u2500\u2500\u2500\u2500\u2500\u2500\u2500\u2500\u2500\u2500\u2500\u2500\u2500\u2500\u2500\u2500\u2500\u2500\u2500\u2500\u2500\u2500\u2500\u2500\u2500\u2500 *\/\r\n.offer-columns h2.cstpro-title-xl,\r\n.offer-columns h2.cstpro-title-xl.gradient {\r\n    font-size: 42px !important;\r\n    font-weight: 700 !important;\r\n    line-height: 1.25 !important;\r\n    background: linear-gradient(90deg, #ffffff 0%, #75aaff 40%, #8b7bff 100%) !important;\r\n    -webkit-background-clip: text !important;\r\n    -webkit-text-fill-color: transparent !important;\r\n    text-shadow: 0 0 18px rgba(120,168,255,0.25) !important;\r\n    display: inline-block !important;\r\n    color: transparent !important; \/* pour \u00e9craser Elementor *\/\r\n}\r\n\r\n\/* Sous-titre *\/\r\n.cstpro-kicker {\r\n    color: rgba(255,255,255,0.75) !important;\r\n    font-size: 15px;\r\n    letter-spacing: .5px;\r\n}\r\n\r\n\r\n\/* \u2500\u2500\u2500\u2500\u2500\u2500\u2500\u2500\u2500\u2500\u2500\u2500\u2500\u2500\u2500\u2500\u2500\u2500\u2500\u2500\u2500\u2500\u2500\u2500\u2500\u2500\u2500\u2500\u2500\u2500\u2500\u2500\u2500\u2500\u2500\u2500\u2500\u2500\u2500\u2500\u2500\u2500\u2500\r\n   RESPONSIVE\r\n\u2500\u2500\u2500\u2500\u2500\u2500\u2500\u2500\u2500\u2500\u2500\u2500\u2500\u2500\u2500\u2500\u2500\u2500\u2500\u2500\u2500\u2500\u2500\u2500\u2500\u2500\u2500\u2500\u2500\u2500\u2500\u2500\u2500\u2500\u2500\u2500\u2500\u2500\u2500\u2500\u2500\u2500\u2500 *\/\r\n@media(max-width:900px){\r\n    .offer-columns {\r\n        grid-template-columns: 1fr;\r\n    }\r\n    .offer-includes-grid {\r\n        grid-template-columns: 1fr 1fr;\r\n    }\r\n    .offer-cta-band {\r\n        flex-direction:column;\r\n        align-items:flex-start;\r\n        border-radius:26px;\r\n    }\r\n}\r\n\r\n@media(max-width:640px){\r\n    .offer-includes-grid {\r\n        grid-template-columns: 1fr;\r\n    }\r\n    .offer-hero-title {\r\n        font-size:34px;\r\n    }\r\n    .offer-columns h2.cstpro-title-xl {\r\n        font-size:32px !important;\r\n    }\r\n}\r\n\/* Bandeau haut *\/\r\n.offer-audience-header {\r\n  text-align:center;\r\n  margin-bottom:40px;\r\n}\r\n\r\n.offer-audience-sub {\r\n  font-size:18px;\r\n  color:#d4ddff;\r\n  max-width:700px;\r\n  margin:14px auto 0;\r\n  line-height:1.6;\r\n}\r\n\r\n\/* Grille de 4 statistiques *\/\r\n.offer-audience-grid {\r\n  display:grid;\r\n  grid-template-columns: repeat(4, 1fr);\r\n  gap:26px;\r\n  margin-top:40px;\r\n}\r\n\r\n.stat-card {\r\n  padding:22px;\r\n  border-radius:16px;\r\n  background:rgba(255,255,255,0.03);\r\n  border:1px solid rgba(148,163,199,0.18);\r\n  box-shadow:0 8px 30px rgba(15,23,42,0.6);\r\n}\r\n\r\n.stat-title {\r\n  color:#cbd5ff;\r\n  font-size:15px;\r\n  margin-bottom:8px;\r\n}\r\n\r\n.stat-number {\r\n  font-size:26px;\r\n  font-weight:700;\r\n  margin-bottom:6px;\r\n  background:linear-gradient(90deg,#ffffff,#75aaff,#8b7bff);\r\n  -webkit-background-clip:text;\r\n  -webkit-text-fill-color:transparent;\r\n}\r\n\r\n.stat-desc {\r\n  font-size:14px;\r\n  color:#9fb3d8;\r\n  line-height:1.5;\r\n}\r\n\r\n\/* Responsive *\/\r\n@media(max-width:900px){\r\n  .offer-audience-grid {\r\n    grid-template-columns: 1fr 1fr;\r\n  }\r\n}\r\n\r\n@media(max-width:640px){\r\n  .offer-audience-grid {\r\n    grid-template-columns: 1fr;\r\n  }\r\n  .stat-card {\r\n    text-align:center;\r\n  }\r\n}\r\n.stat-card {\r\n  transition: all .35s ease;\r\n}\r\n\r\n.stat-card:hover {\r\n  transform: translateY(-6px);\r\n  border-color: rgba(120,168,255,0.65);\r\n  box-shadow: 0 18px 40px rgba(80,120,255,0.45);\r\n}\r\n\r\n.offer-audience-header h2 {\r\n  opacity:0;\r\n  transform: translateY(20px);\r\n  animation: fadeUp 1.1s ease forwards;\r\n}\r\n\r\n@keyframes fadeUp {\r\n  to {\r\n    opacity:1;\r\n    transform: translateY(0);\r\n  }\r\n}\r\n.offer-icon-wrapper {\r\n  width: 68px;\r\n  height: 68px;\r\n  border-radius: 50%;\r\n  background: rgba(255,255,255,0.05);\r\n  border: 1px solid rgba(148,163,199,0.25);\r\n  display: flex;\r\n  align-items: center;\r\n  justify-content: center;\r\n  margin-bottom: 14px;\r\n}\r\n\r\n.offer-icon {\r\n  width: 34px;\r\n  height: 34px;\r\n  object-fit: contain;\r\n  display: block;\r\n  opacity: 0.9;\r\n}\r\n\/* Force tous les titres avec class=\"gradient\" \u00e0 avoir ton d\u00e9grad\u00e9 CSTPRO *\/\r\n.gradient {\r\n  background: linear-gradient(90deg, #ffffff 0%, #75aaff 40%, #8b7bff 100%);\r\n  -webkit-background-clip: text;\r\n  -webkit-text-fill-color: transparent;\r\n  text-shadow: 0 0 16px rgba(120,170,255,0.25);\r\n  display: inline-block;\r\n}\r\n\r\n<\/style>\r\n\t\t\t\t<\/div>\n\t\t\t\t<\/div>\n\t\t\t\t<div class=\"elementor-element elementor-element-6b26fac elementor-widget elementor-widget-html\" data-id=\"6b26fac\" data-element_type=\"widget\" data-e-type=\"widget\" data-widget_type=\"html.default\">\n\t\t\t\t<div class=\"elementor-widget-container\">\n\t\t\t\t\t<section id=\"offer-hero\" class=\"cstpro-hero\">\r\n  <video class=\"cstpro-hero-video\" autoplay muted loop playsinline>\r\n    <source src=\"URL_DE_TA_VIDEO_OU_FOND.mp4\" type=\"video\/mp4\">\r\n  <\/video>\r\n  <div class=\"cstpro-hero-overlay\"><\/div>\r\n\r\n  <div class=\"cstpro-hero-content cstpro-inner\">\r\n    <div style=\"max-width:780px; margin:0 auto; text-align:center;\">\r\n\r\n      <div class=\"offer-hero-badge\">\r\n        Offer CSTPRO-B2B - LinkedIn Professional Report\r\n      <\/div>\r\n\r\n      <h1 class=\"offer-hero-title\">\r\n        LinkedIn Pro report<br>Analysis, fieldwork &amp; credibility\r\n      <\/h1>\r\n\r\n      <p class=\"offer-hero-subtitle\">\r\n        A report designed for LinkedIn: professional analysis,\r\n        storytelling, contextualisation in the field and distribution\r\n        in the CSTPRO B2B ecosystem. Ideal for strengthening your position\r\n        with decision-makers, professionals and travel agents.\r\n      <\/p>\r\n\r\n      <div class=\"offer-hero-actions\">\r\n        <a href=\"https:\/\/cstpro-b2b.com\/index.php\/contact-pro\/\" class=\"offer-hero-button offer-btn-primary\">\r\n          Talking about my project\r\n        <\/a>\r\n\r\n        <a href=\"https:\/\/cstpro-b2b.com\/index.php\/media-kit-2026\/\" class=\"offer-btn-ghost\">\r\n          See the Media Kit\r\n        <\/a>\r\n      <\/div>\r\n\r\n    <\/div>\r\n  <\/div>\r\n<\/section>\r\n\t\t\t\t<\/div>\n\t\t\t\t<\/div>\n\t\t\t\t<div class=\"elementor-element elementor-element-ca89b5a elementor-widget elementor-widget-html\" data-id=\"ca89b5a\" data-element_type=\"widget\" data-e-type=\"widget\" data-widget_type=\"html.default\">\n\t\t\t\t<div class=\"elementor-widget-container\">\n\t\t\t\t\t<section class=\"cstpro-section\" id=\"offer-reportage-intro\">\r\n  <div class=\"cstpro-inner\">\r\n\r\n    <div class=\"offer-columns\">\r\n\r\n      <!-- COLONNE 1 -->\r\n      <div>\r\n        <div class=\"cstpro-kicker\">Why a LinkedIn report?<\/div>\r\n\r\n        <h2 class=\"cstpro-title-xl gradient\" style=\"margin-bottom:12px;\">\r\n          To position your establishment in the B2B world.\r\n        <\/h2>\r\n\r\n        <p class=\"offer-block-text\">\r\n          The CSTPRO LinkedIn Report highlights your establishment\r\n          from a professional angle: essential information\r\n          market context, feedback from the field, selling points and a business\r\n          business analysis for tourism professionals.\r\n        <\/p>\r\n      <\/div>\r\n\r\n      <!-- COLONNE 2 -->\r\n      <div>\r\n        <div class=\"offer-block-title\">Aims of the pack :<\/div>\r\n        <ul class=\"offer-list\">\r\n          <li>Strengthen your credibility with B2B decision-makers.<\/li>\r\n          <li>Present your assets with a professional and analytical eye.<\/li>\r\n          <li>Generate interest, discussions and contacts on LinkedIn.<\/li>\r\n        <\/ul>\r\n      <\/div>\r\n\r\n    <\/div>\r\n\r\n  <\/div>\r\n<\/section>\r\n\t\t\t\t<\/div>\n\t\t\t\t<\/div>\n\t\t\t\t<div class=\"elementor-element elementor-element-b0d0823 elementor-widget elementor-widget-html\" data-id=\"b0d0823\" data-element_type=\"widget\" data-e-type=\"widget\" data-widget_type=\"html.default\">\n\t\t\t\t<div class=\"elementor-widget-container\">\n\t\t\t\t\t<section class=\"cstpro-section\" id=\"offer-reportage-includes\">\r\n  <div class=\"cstpro-inner\">\r\n\r\n    <div style=\"text-align:center; max-width:720px; margin:0 auto 26px;\">\r\n      <div class=\"cstpro-kicker\">Pack contents<\/div>\r\n\r\n      <h2 class=\"cstpro-title-xl gradient\" style=\"margin-bottom:10px;\">\r\n        A professional report ready for LinkedIn.\r\n      <\/h2>\r\n\r\n      <p class=\"cstpro-subtitle\" style=\"margin-top:8px;\">\r\n        A clear, analytical and business-oriented approach, with targeted distribution\r\n        to the CSTPRO professional communities.\r\n      <\/p>\r\n    <\/div>\r\n\r\n    <div class=\"offer-includes-grid\">\r\n\r\n      <article class=\"offer-card\">\r\n        <div class=\"offer-card-title\">1. Professional reporting<\/div>\r\n        <div class=\"offer-card-text\">\r\n          Writing a business-oriented report: analysis, context,\r\n          professional value, differentiating points.\r\n        <\/div>\r\n      <\/article>\r\n\r\n      <article class=\"offer-card\">\r\n        <div class=\"offer-card-title\">2. Business analysis<\/div>\r\n        <div class=\"offer-card-text\">\r\n          Highlighting commercial advantages: AGV potential, market,\r\n          positioning, product strengths, business arguments.\r\n        <\/div>\r\n      <\/article>\r\n\r\n      <article class=\"offer-card\">\r\n        <div class=\"offer-card-title\">3. LinkedIn visuals<\/div>\r\n        <div class=\"offer-card-text\">\r\n          Creation or selection of visuals adapted to LinkedIn codes\r\n          to maximise professional impact.\r\n        <\/div>\r\n      <\/article>\r\n\r\n      <article class=\"offer-card\">\r\n        <div class=\"offer-card-title\">4. LinkedIn diffusion CSTPRO<\/div>\r\n        <div class=\"offer-card-text\">\r\n          Publication on Fr\u00e9d\u00e9ric's profile + B2B groups + AGV group\r\n          + B2B CSTPRO page depending on content.\r\n        <\/div>\r\n      <\/article>\r\n\r\n      <article class=\"offer-card\">\r\n        <div class=\"offer-card-title\">5. Reusable short version<\/div>\r\n        <div class=\"offer-card-text\">\r\n          Short teaser provided for re-posting, broadcasting or incorporating\r\n          into your own communications.\r\n        <\/div>\r\n      <\/article>\r\n\r\n      <article class=\"offer-card\">\r\n        <div class=\"offer-card-title\">6. Long version\u201c option\u201d<\/div>\r\n        <div class=\"offer-card-text\">\r\n          Possibility of adding an extended version (+ field experience,\r\n          storytelling, multiple angles).\r\n        <\/div>\r\n      <\/article>\r\n\r\n    <\/div>\r\n\r\n    <div class=\"offer-highlight\">\r\n      This report is ideal for establishments that want to be perceived as\r\n      structured and credible in the LinkedIn B2B ecosystem.\r\n    <\/div>\r\n\r\n  <\/div>\r\n<\/section>\r\n\t\t\t\t<\/div>\n\t\t\t\t<\/div>\n\t\t\t\t<div class=\"elementor-element elementor-element-03d2f87 elementor-widget elementor-widget-html\" data-id=\"03d2f87\" data-element_type=\"widget\" data-e-type=\"widget\" data-widget_type=\"html.default\">\n\t\t\t\t<div class=\"elementor-widget-container\">\n\t\t\t\t\t<div class=\"cstpro-inner\">\r\n  <div style=\"    margin-top:40px;    padding:22px 26px;    border-radius:18px;    background:rgba(255,255,255,0.04);    border:1px solid rgba(148,163,199,0.18);    box-shadow:0 6px 26px rgba(15,23,42,0.5);  \">\r\n    <div style=\"font-size:15px; color:#d0dcff; line-height:1.6;\">\r\n      Want to go further?  \r\n      CSTPRO also carries out <strong style=\"color:#ffffff;\">on-site editorial reporting<\/strong>,\r\n      based on immersion in your establishment or destination.\r\n    <\/div>\r\n\r\n    <div style=\"margin-top:10px;\">\r\n      <a href=\"https:\/\/cstpro-b2b.com\/index.php\/reportages-invitations-professionnelles\/\"\r\n         style=\"font-weight:600; font-size:15px; color:#7db3ff; text-decoration:none;\">\r\n        Discover professional invitations \u2192\r\n      <\/a>\r\n    <\/div>\r\n  <\/div>\r\n<\/div>\r\n\t\t\t\t<\/div>\n\t\t\t\t<\/div>\n\t\t\t\t<div class=\"elementor-element elementor-element-3212952 elementor-widget elementor-widget-html\" data-id=\"3212952\" data-element_type=\"widget\" data-e-type=\"widget\" data-widget_type=\"html.default\">\n\t\t\t\t<div class=\"elementor-widget-container\">\n\t\t\t\t\t<section class=\"cstpro-section\" id=\"offer-reportage-cta\" style=\"padding-top:20px; padding-bottom:80px;\">\r\n  <div class=\"cstpro-inner\">\r\n\r\n    <div class=\"offer-cta-band\">\r\n      <div>\r\n        <strong>Would you like a professional LinkedIn report?<\/strong><br>\r\n        Send us the key elements of your establishment and your LinkedIn objectives:\r\n        we'll create an impactful report tailored to your target audience.\r\n      <\/div>\r\n\r\n      <div>\r\n        <a href=\"https:\/\/cstpro-b2b.com\/index.php\/contact-pro\/\" \r\n           class=\"offer-hero-button offer-btn-primary\">\r\n          Talking about my project\r\n        <\/a>\r\n      <\/div>\r\n    <\/div>\r\n\r\n  <\/div>\r\n<\/section>\r\n\t\t\t\t<\/div>\n\t\t\t\t<\/div>\n\t\t\t\t<\/div>\n\t\t\t\t<\/div>","protected":false},"excerpt":{"rendered":"<p>Offre CSTPRO-B2B \u00b7 Reportage LinkedIn Professionnel Reportage LinkedIn ProAnalyse, terrain &#038; cr\u00e9dibilit\u00e9 Un reportage con\u00e7u pour LinkedIn : analyse professionnelle, storytelling r\u00e9duit, mise en contexte terrain et diffusion dans l\u2019\u00e9cosyst\u00e8me B2B CSTPRO. Id\u00e9al pour renforcer votre position aupr\u00e8s des d\u00e9cideurs, acteurs pros et agents de voyages. Parler de mon projet Voir le Media Kit Pourquoi [&hellip;]<\/p>\n","protected":false},"author":1,"featured_media":0,"parent":0,"menu_order":0,"comment_status":"closed","ping_status":"closed","template":"elementor_header_footer","meta":{"site-sidebar-layout":"no-sidebar","site-content-layout":"page-builder","ast-site-content-layout":"full-width-container","site-content-style":"default","site-sidebar-style":"default","ast-global-header-display":"","ast-banner-title-visibility":"","ast-main-header-display":"","ast-hfb-above-header-display":"","ast-hfb-below-header-display":"","ast-hfb-mobile-header-display":"","site-post-title":"","ast-breadcrumbs-content":"","ast-featured-img":"disabled","footer-sml-layout":"","ast-disable-related-posts":"","theme-transparent-header-meta":"","adv-header-id-meta":"","stick-header-meta":"","header-above-stick-meta":"","header-main-stick-meta":"","header-below-stick-meta":"","astra-migrate-meta-layouts":"set","ast-page-background-enabled":"default","ast-page-background-meta":{"desktop":{"background-color":"","background-image":"","background-repeat":"repeat","background-position":"center center","background-size":"auto","background-attachment":"scroll","background-type":"","background-media":"","overlay-type":"","overlay-color":"","overlay-opacity":"","overlay-gradient":""},"tablet":{"background-color":"","background-image":"","background-repeat":"repeat","background-position":"center center","background-size":"auto","background-attachment":"scroll","background-type":"","background-media":"","overlay-type":"","overlay-color":"","overlay-opacity":"","overlay-gradient":""},"mobile":{"background-color":"","background-image":"","background-repeat":"repeat","background-position":"center center","background-size":"auto","background-attachment":"scroll","background-type":"","background-media":"","overlay-type":"","overlay-color":"","overlay-opacity":"","overlay-gradient":""}},"ast-content-background-meta":{"desktop":{"background-color":"var(--ast-global-color-5)","background-image":"","background-repeat":"repeat","background-position":"center center","background-size":"auto","background-attachment":"scroll","background-type":"","background-media":"","overlay-type":"","overlay-color":"","overlay-opacity":"","overlay-gradient":""},"tablet":{"background-color":"var(--ast-global-color-5)","background-image":"","background-repeat":"repeat","background-position":"center center","background-size":"auto","background-attachment":"scroll","background-type":"","background-media":"","overlay-type":"","overlay-color":"","overlay-opacity":"","overlay-gradient":""},"mobile":{"background-color":"var(--ast-global-color-5)","background-image":"","background-repeat":"repeat","background-position":"center center","background-size":"auto","background-attachment":"scroll","background-type":"","background-media":"","overlay-type":"","overlay-color":"","overlay-opacity":"","overlay-gradient":""}},"footnotes":""},"class_list":["post-2855","page","type-page","status-publish","hentry"],"_links":{"self":[{"href":"https:\/\/cstpro-b2b.com\/en\/wp-json\/wp\/v2\/pages\/2855","targetHints":{"allow":["GET"]}}],"collection":[{"href":"https:\/\/cstpro-b2b.com\/en\/wp-json\/wp\/v2\/pages"}],"about":[{"href":"https:\/\/cstpro-b2b.com\/en\/wp-json\/wp\/v2\/types\/page"}],"author":[{"embeddable":true,"href":"https:\/\/cstpro-b2b.com\/en\/wp-json\/wp\/v2\/users\/1"}],"replies":[{"embeddable":true,"href":"https:\/\/cstpro-b2b.com\/en\/wp-json\/wp\/v2\/comments?post=2855"}],"version-history":[{"count":10,"href":"https:\/\/cstpro-b2b.com\/en\/wp-json\/wp\/v2\/pages\/2855\/revisions"}],"predecessor-version":[{"id":3071,"href":"https:\/\/cstpro-b2b.com\/en\/wp-json\/wp\/v2\/pages\/2855\/revisions\/3071"}],"wp:attachment":[{"href":"https:\/\/cstpro-b2b.com\/en\/wp-json\/wp\/v2\/media?parent=2855"}],"curies":[{"name":"wp","href":"https:\/\/api.w.org\/{rel}","templated":true}]}}