{"id":3938,"date":"2026-03-02T10:08:12","date_gmt":"2026-03-02T09:08:12","guid":{"rendered":"https:\/\/cstpro-b2b.com\/?page_id=3938"},"modified":"2026-03-02T10:08:59","modified_gmt":"2026-03-02T09:08:59","slug":"scan-cv","status":"publish","type":"page","link":"https:\/\/cstpro-b2b.com\/en\/scan-cv\/","title":{"rendered":"SCAN CV"},"content":{"rendered":"\t\t<div data-elementor-type=\"wp-page\" data-elementor-id=\"3938\" class=\"elementor elementor-3938\">\n\t\t\t\t<div class=\"elementor-element elementor-element-7492249 e-flex e-con-boxed e-con e-parent\" data-id=\"7492249\" data-element_type=\"container\" data-e-type=\"container\">\n\t\t\t\t\t<div class=\"e-con-inner\">\n\t\t\t\t<div class=\"elementor-element elementor-element-fef968e elementor-widget elementor-widget-shortcode\" data-id=\"fef968e\" data-element_type=\"widget\" data-e-type=\"widget\" data-widget_type=\"shortcode.default\">\n\t\t\t\t<div class=\"elementor-widget-container\">\n\t\t\t\t\t\t\t<div class=\"elementor-shortcode\">\r\n    <div id=\"scan-app\" style=\"max-width:650px;margin:40px auto;padding:25px;font-family:Arial;background:#fff;border-radius:8px;box-shadow:0 4px 15px rgba(0,0,0,0.08);\">\r\n        \r\n        <h2 style=\"text-align:center;margin-bottom:25px;\">CSTPRO \u2013 Scan CV<\/h2>\r\n\r\n        <form id=\"scanForm\">\r\n\r\n            <div style=\"margin-bottom:20px;\">\r\n                <label><strong>Prendre la carte en photo<\/strong><\/label>\r\n                <input type=\"file\" \r\n                       id=\"photo\" \r\n                       accept=\"image\/*\" \r\n                       capture=\"environment\"\r\n                       required\r\n                       style=\"width:100%;margin-top:8px;\">\r\n            <\/div>\r\n\r\n            <div style=\"margin-bottom:20px;\">\r\n                <label><strong>Type d'email \u00e0 g\u00e9n\u00e9rer<\/strong><\/label>\r\n                <select id=\"emailType\" style=\"width:100%;padding:10px;margin-top:8px;\">\r\n                    <option value=\"\">Aucun email<\/option>\r\n                    <option value=\"merci_simple\">Remerciement simple<\/option>\r\n                    <option value=\"suite_salon\">Suite discussion salon<\/option>\r\n                    <option value=\"rdv\">Proposition de rendez-vous<\/option>\r\n                    <option value=\"presentation\">Envoi pr\u00e9sentation<\/option>\r\n                    <option value=\"partenariat\">Proposition partenariat<\/option>\r\n                <\/select>\r\n            <\/div>\r\n\r\n            <div style=\"margin-bottom:20px;\">\r\n                <label><strong>Message personnalis\u00e9 (facultatif)<\/strong><\/label>\r\n                <textarea id=\"customMessage\" rows=\"3\" style=\"width:100%;padding:10px;margin-top:8px;\"><\/textarea>\r\n            <\/div>\r\n<div style=\"margin-bottom:20px;\">\r\n    <label><strong>Inclure Media Kit<\/strong><\/label>\r\n\r\n    <div style=\"margin-top:8px;\">\r\n        <label style=\"display:flex;align-items:center;gap:8px;margin-bottom:6px;\">\r\n            <input type=\"checkbox\" id=\"includeCstpro\">\r\n            Media Kit CSTPRO\r\n        <\/label>\r\n\r\n        <label style=\"display:flex;align-items:center;gap:8px;\">\r\n            <input type=\"checkbox\" id=\"includeBreeziful\">\r\n            Media Kit Breeziful\r\n        <\/label>\r\n    <\/div>\r\n<\/div>\r\n<div style=\"margin-bottom:20px;\">\r\n<label><strong>Liste FluentCRM<\/strong><\/label>\r\n\r\n<select id=\"fluentList\" style=\"width:100%;padding:10px;margin-top:8px;\">\r\n<option value=\"\">Aucune<\/option>\r\n\r\n<option value=\"58\">\r\nACCOUNT MARKETING<\/option>\r\n<option value=\"71\">\r\nADOPTE UN TO<\/option>\r\n<option value=\"72\">\r\nADOPTE UN TO A EXCLURE<\/option>\r\n<option value=\"12\">\r\nAGENCES ALLEMAGNE<\/option>\r\n<option value=\"50\">\r\nAGENCES AUTRICHE<\/option>\r\n<option value=\"26\">\r\nAGENCES BELGIQUE<\/option>\r\n<option value=\"30\">\r\nAGENCES CANADA<\/option>\r\n<option value=\"59\">\r\nAGENCES ESPAGNE<\/option>\r\n<option value=\"25\">\r\nAGENCES FRANCAISE<\/option>\r\n<option value=\"56\">\r\nAGENCES ITALIE<\/option>\r\n<option value=\"45\">\r\nAGENCES LUXEMBOURG<\/option>\r\n<option value=\"76\">\r\nAGENCES MAROC<\/option>\r\n<option value=\"63\">\r\nAGENCES PORTUGAL<\/option>\r\n<option value=\"8\">\r\nAGENCES SUISSE<\/option>\r\n<option value=\"29\">\r\nAGENCES TUNISIE<\/option>\r\n<option value=\"27\">\r\nAGENCES USA<\/option>\r\n<option value=\"3\">\r\nAGV - GMAIL - HOTMAIL<\/option>\r\n<option value=\"43\">\r\nASSOCIATIONS<\/option>\r\n<option value=\"57\">\r\nAUTRES AGENCES INTERNATIONALES<\/option>\r\n<option value=\"41\">\r\nBATEAUX MALDIVES<\/option>\r\n<option value=\"17\">\r\nBREEZIFUL<\/option>\r\n<option value=\"54\">\r\nCHEFS DE PRODUITS<\/option>\r\n<option value=\"53\">\r\nCOMMERCIAUX FRANCE<\/option>\r\n<option value=\"21\">\r\nCOMPAGNIES AERIENNE<\/option>\r\n<option value=\"9\">\r\nCOURANT D&#039;AIR<\/option>\r\n<option value=\"51\">\r\nCOVVE SCAN<\/option>\r\n<option value=\"55\">\r\nCROISIERISTES<\/option>\r\n<option value=\"34\">\r\nCSE<\/option>\r\n<option value=\"31\">\r\nCSTPRO BTOC<\/option>\r\n<option value=\"18\">\r\nDMC<\/option>\r\n<option value=\"13\">\r\nFICHIER AGENCES A TESTER<\/option>\r\n<option value=\"62\">\r\nGESTIONNAIRE HOTELS PLAYA<\/option>\r\n<option value=\"33\">\r\nGLOBAL AGENTS<\/option>\r\n<option value=\"67\">\r\nHARD BOUNCE<\/option>\r\n<option value=\"36\">\r\nHOTELS<\/option>\r\n<option value=\"69\">\r\nILTM CANNE GENEREIQUE<\/option>\r\n<option value=\"11\">\r\nITE HCMC 2025<\/option>\r\n<option value=\"20\">\r\nJANCARTHIER BTOC- S. SECCIA<\/option>\r\n<option value=\"60\">\r\nJOURNALISTES<\/option>\r\n<option value=\"68\">\r\nORGANISATION<\/option>\r\n<option value=\"40\">\r\nOT<\/option>\r\n<option value=\"61\">\r\nPARTENAIRES CSTPRO<\/option>\r\n<option value=\"10\">\r\nSALON<\/option>\r\n<option value=\"6\">\r\nSO RECEPTIF BTOB<\/option>\r\n<option value=\"23\">\r\nSO RECEPTIFS BTOC<\/option>\r\n<option value=\"73\">\r\nSO RECEPTIFS BTOC-DAHABEYA<\/option>\r\n<option value=\"74\">\r\nSOFTBOUNCE<\/option>\r\n<option value=\"15\">\r\nSOUTH AMERICAN DMC<\/option>\r\n<option value=\"70\">\r\nTAMPON<\/option>\r\n<option value=\"37\">\r\nTEST<\/option>\r\n<option value=\"19\">\r\nTHAILANDE BTOB<\/option>\r\n<option value=\"38\">\r\nTO<\/option>\r\n<option value=\"2\">\r\nTOUS CSTPRO<\/option>\r\n<option value=\"14\">\r\nTRECOM<\/option>\r\n\r\n<\/select>\r\n<\/div>\r\n<div style=\"margin-bottom:20px;\">\r\n<label><strong>Tag FluentCRM<\/strong><\/label>\r\n\r\n<select id=\"fluentTag\" style=\"width:100%;padding:10px;margin-top:8px;\">\r\n<option value=\"\">Aucun<\/option>\r\n\r\n<option value=\"optout_adopteunto\">\r\nAdopte un TO (stop)<\/option>\r\n<option value=\"optout_air-austral\">\r\nAIR AUSTRAL (stop)<\/option>\r\n<option value=\"aol\">\r\nAOL<\/option>\r\n<option value=\"asian-travel-market\">\r\nASIAN TRAVEL MARKET<\/option>\r\n<option value=\"optout_asiatik-travel\">\r\nASIATIK TRAVEL (stop)<\/option>\r\n<option value=\"optout_atlantur\">\r\nATLANTUR (stop)<\/option>\r\n<option value=\"auchan\">\r\nAUCHAN<\/option>\r\n<option value=\"optout_azur-rp\">\r\nAZUR-RP (stop)<\/option>\r\n<option value=\"optout_bey-tours-(stop)\">\r\nBEY TOURS (stop)<\/option>\r\n<option value=\"optout_beyond-the-beach\">\r\nBEYOND THE BEACH (stop)<\/option>\r\n<option value=\"optout_bleu-marine-tours\">\r\nBLEU MARINE TOURS (stop)<\/option>\r\n<option value=\"optout_desabonne_breeziful\">\r\nBREEZIFUL (stop)<\/option>\r\n<option value=\"btob\">\r\nBTOB<\/option>\r\n<option value=\"canada\">\r\nCANADA<\/option>\r\n<option value=\"carrefour\">\r\nCARREFOUR<\/option>\r\n<option value=\"cediv\">\r\nCEDIV<\/option>\r\n<option value=\"chine\">\r\nCHINE<\/option>\r\n<option value=\"optout_club-des-croisieres\">\r\nCLUB DES CROISIERES (stop)<\/option>\r\n<option value=\"club-med\">\r\nCLUB MED<\/option>\r\n<option value=\"optout_courants-d&#039;air-pro\">\r\nCOURANTS d&#039;AIR PRO (stop)<\/option>\r\n<option value=\"optout_croatie-sur-mesure\">\r\nCROATIE SUR MESURE (stop)<\/option>\r\n<option value=\"cstpro-\u2013-prospection-internationale---en\">\r\nCSTPRO \u2013 Prospection Internationale - EN<\/option>\r\n<option value=\"cstpro-\u2013-prospection-internationale\">\r\nCSTPRO \u2013 Prospection Internationale - FR<\/option>\r\n<option value=\"cstpro-\u2013-type-:-dmc\">\r\nCSTPRO \u2013 Type : DMC<\/option>\r\n<option value=\"cstpro-\u2013-type-:-hotel\">\r\nCSTPRO \u2013 Type : H\u00f4tel<\/option>\r\n<option value=\"cstpro-\u2013-type-:-office-du-tourisme\">\r\nCSTPRO \u2013 Type : Office du Tourisme<\/option>\r\n<option value=\"optout_cstpro\">\r\nCSTPRO (stop)<\/option>\r\n<option value=\"edv\">\r\nEDV<\/option>\r\n<option value=\"optout_elite-american-voyages\">\r\nELITE AMERICAN VOYAGES (stop)<\/option>\r\n<option value=\"email_manquant\">\r\nemail_manquant<\/option>\r\n<option value=\"event\">\r\nEVENT<\/option>\r\n<option value=\"fram\">\r\nFRAM<\/option>\r\n<option value=\"free\">\r\nFREE<\/option>\r\n<option value=\"optout_global-agents\">\r\nGLOBAL AGENTS (stop)<\/option>\r\n<option value=\"optout_global-atlas\">\r\nGLOBAL ATLAS (stop)<\/option>\r\n<option value=\"gmail\">\r\nGMAIL<\/option>\r\n<option value=\"havas\">\r\nHAVAS<\/option>\r\n<option value=\"hotel-plan\">\r\nHOTEL PLAN<\/option>\r\n<option value=\"hotmail\">\r\nHOTMAIL<\/option>\r\n<option value=\"optout_ideal\">\r\nIdeal (stop)<\/option>\r\n<option value=\"iftm\">\r\nIFTM<\/option>\r\n<option value=\"inde\">\r\nINDE<\/option>\r\n<option value=\"independantes\">\r\nINDEPENDANTES<\/option>\r\n<option value=\"itb-berlin\">\r\nITB BERLIN<\/option>\r\n<option value=\"ite-hcmc\">\r\nITE HCMC<\/option>\r\n<option value=\"kuoni\">\r\nKUONI<\/option>\r\n<option value=\"l-tur\">\r\nL TUR<\/option>\r\n<option value=\"laponie\">\r\nLAPONIE<\/option>\r\n<option value=\"leclerc\">\r\nLECLERC<\/option>\r\n<option value=\"les-barbades\">\r\nLES BARBADES<\/option>\r\n<option value=\"live\">\r\nLIVE<\/option>\r\n<option value=\"optout_mahay-expedition\">\r\nMAHAY EXPEDITION (stop)<\/option>\r\n<option value=\"maldive-prospection-2025\">\r\nMaldive - Prospection 2025<\/option>\r\n<option value=\"media\">\r\nMEDIA<\/option>\r\n<option value=\"miami\">\r\nMIAMI<\/option>\r\n<option value=\"mice\">\r\nMICE<\/option>\r\n<option value=\"optout_namaskar-india-tours\">\r\nNAMASKAR INDIA TOUR (stop)<\/option>\r\n<option value=\"optout_olalalanka\">\r\nOLALALANKA (stop)<\/option>\r\n<option value=\"orange\">\r\nORANGE<\/option>\r\n<option value=\"optout_ot-seychelles\">\r\nOT SEYCHELLES<\/option>\r\n<option value=\"outlook\">\r\nOUTLOOK<\/option>\r\n<option value=\"partenaire-cstpro\">\r\nPartenaire CSTPRO<\/option>\r\n<option value=\"optout_passion_laponie\">\r\nPASSION LAPONIE (stop)<\/option>\r\n<option value=\"optout_playa-resorts\">\r\nPLAYA RESORTS (stop)<\/option>\r\n<option value=\"pret-a-partir\">\r\nPRET A PARTIR<\/option>\r\n<option value=\"optout_prodesti\">\r\nPRODESTI (stop)<\/option>\r\n<option value=\"promovacances\">\r\nPROMOVACANCES<\/option>\r\n<option value=\"prospect\">\r\nPROSPECT<\/option>\r\n<option value=\"receptifs-leader\">\r\nRECEPTIFS LEADER<\/option>\r\n<option value=\"optout_receptifs-leader\">\r\nRECEPTIFS LEADER (stop)<\/option>\r\n<option value=\"optout_renaissance\">\r\nRENAISSANCE (stop)<\/option>\r\n<option value=\"salaun\">\r\nSALAUN<\/option>\r\n<option value=\"salon-cannes\">\r\nSALON CANNES<\/option>\r\n<option value=\"salon-veezit\">\r\nSALON VEEZIT<\/option>\r\n<option value=\"optout_samistal\">\r\nSAMISTAL TRAVEL (stop)<\/option>\r\n<option value=\"scan-cv\">\r\nSCAN CV<\/option>\r\n<option value=\"optout_scenic-road\">\r\nSCENIC ROAD<\/option>\r\n<option value=\"selectour\">\r\nSELECTOUR<\/option>\r\n<option value=\"seychelles\">\r\nSEYCHELLES<\/option>\r\n<option value=\"20261-rufpv\">\r\nSeychelles \u2013 Prospection 2025<\/option>\r\n<option value=\"optout_shyampura\">\r\nSHYAMPURA (stop)<\/option>\r\n<option value=\"optout_so-receptifs\">\r\nSO RECEPTIFS (stop)<\/option>\r\n<option value=\"optout_sonesta\">\r\nSONESTA (stop)<\/option>\r\n<option value=\"optout_south-american-dmc\">\r\nSOUTH AMERICAN DMC (Stop)<\/option>\r\n<option value=\"tanzanie\">\r\nTANZANIE<\/option>\r\n<option value=\"the-date\">\r\nTHE DATE<\/option>\r\n<option value=\"tourcom\">\r\nTOURCOM<\/option>\r\n<option value=\"optout_all\">\r\nTOUTES LES NEWSLETTER (stop)<\/option>\r\n<option value=\"transport\">\r\nTRANSPORT<\/option>\r\n<option value=\"travel-planner\">\r\nTRAVEL PLANNER<\/option>\r\n<option value=\"optout_tripfusion\">\r\nTRIPFUSION (stop)<\/option>\r\n<option value=\"tui\">\r\nTUI<\/option>\r\n<option value=\"optout_ugo-travel\">\r\nUGO TRAVEL (Stop)<\/option>\r\n<option value=\"univairmer\">\r\nUNIVAIRMER<\/option>\r\n<option value=\"optout_veezit\">\r\nVEEZIT (stop)<\/option>\r\n<option value=\"verdie\">\r\nVerdie<\/option>\r\n<option value=\"optout_voyazil\">\r\nVOYAZIL (stop)<\/option>\r\n<option value=\"wanadoo\">\r\nWANADOO<\/option>\r\n<option value=\"wtm-africa\">\r\nWTM AFRICA<\/option>\r\n<option value=\"wtm-arabian\">\r\nWTM ARABIAN<\/option>\r\n<option value=\"wtm-latina-america\">\r\nWTM LATINA AMERICA<\/option>\r\n<option value=\"wtm-londres\">\r\nWTM LONDRES<\/option>\r\n<option value=\"optout_xplore_bresil\">\r\nXPLORE BRESIL (stop)<\/option>\r\n<option value=\"optout_xplore_oman\">\r\nXPLORE OMAN (stop)<\/option>\r\n<option value=\"optout_xplore_vietnam\">\r\nXPLORE VIETNAM (stop)<\/option>\r\n<option value=\"yahoo\">\r\nYAHOO<\/option>\r\n<option value=\"zanzibar\">\r\nZANZIBAR<\/option>\r\n\r\n<\/select>\r\n<\/div>\r\n            <button type=\"submit\" style=\"width:100%;padding:14px;background:#0073aa;color:white;border:none;border-radius:6px;font-size:16px;\">\r\n                Scanner et G\u00e9n\u00e9rer\r\n            <\/button>\r\n\r\n        <\/form>\r\n\r\n        <div id=\"result\" style=\"margin-top:25px;\"><\/div>\r\n\r\n    <\/div>\r\n\r\n<script>\r\ndocument.getElementById('scanForm').addEventListener('submit', async function(e) {\r\n\r\n    e.preventDefault();\r\n\r\n    const fileInput = document.getElementById('photo');\r\n    const resultDiv = document.getElementById('result');\r\n    const emailType = document.getElementById('emailType').value;\r\n    const customMessage = document.getElementById('customMessage').value;\r\n    const includeCstpro = document.getElementById('includeCstpro').checked;\r\nconst includeBreeziful = document.getElementById('includeBreeziful').checked;\r\n\r\n    if (!fileInput.files.length) {\r\n        alert(\"Veuillez prendre une photo.\");\r\n        return;\r\n    }\r\n\r\n    resultDiv.innerHTML = \"Analyse en cours...\";\r\n\r\n   let formData = new FormData();\r\n\r\nconst fluentList = document.getElementById('fluentList').value;\r\nconst fluentTag = document.getElementById('fluentTag').value;\r\n\r\nformData.append('file', fileInput.files[0]);\r\nformData.append('email_type', emailType);\r\nformData.append('custom_message', customMessage);\r\nformData.append('include_cstpro', includeCstpro ? 1 : 0);\r\nformData.append('include_breeziful', includeBreeziful ? 1 : 0);\r\n\r\nformData.append('fluent_list', fluentList);\r\nformData.append('fluent_tag', fluentTag);\r\n    try {\r\n\r\n        const response = await fetch(\"https:\/\/cstpro-b2b.com\/wp-json\/cstpro\/v1\/scan-card\", {\r\n            method: \"POST\",\r\n            headers: {\r\n                \"x-api-key\": \"test\"\r\n            },\r\n            body: formData\r\n        });\r\n\r\n        const data = await response.json();\r\n\r\n        if (!data.success) {\r\n            resultDiv.innerHTML = \"<div style='color:red;'>Erreur : \" + data.error + \"<\/div>\";\r\n            return;\r\n        }\r\n\r\n        \/\/ Si email g\u00e9n\u00e9r\u00e9 par IA\r\n  if (data.email_preview) {\r\n\r\n    const emailMissing = !!data.email_generated;\r\n    const preview = data.email_preview;\r\n\r\n    \/\/ Reconstruction propre du contenu texte pour affichage\r\n    let reconstructedContent = '';\r\n\r\n    if (preview.greeting) {\r\n        reconstructedContent += preview.greeting + \"\\n\\n\";\r\n    }\r\n\r\n    if (Array.isArray(preview.paragraphs)) {\r\n        preview.paragraphs.forEach(p => {\r\n            reconstructedContent += p + \"\\n\\n\";\r\n        });\r\n    }\r\n\r\n    if (preview.closing) {\r\n        reconstructedContent += preview.closing;\r\n    }\r\n\r\n    let html = `\r\n        <div style=\"margin-top:20px;\">\r\n            <h3>Email g\u00e9n\u00e9r\u00e9<\/h3>\r\n\r\n            <label>Sujet<\/label>\r\n            <input type=\"text\" id=\"emailSubject\"\r\n                value=\"${preview.subject || ''}\"\r\n                style=\"width:100%;padding:8px;margin-bottom:10px;\">\r\n\r\n            <label>Contenu<\/label>\r\n            <textarea id=\"emailContent\"\r\n                rows=\"10\"\r\n                style=\"width:100%;padding:8px;\">${reconstructedContent}<\/textarea>\r\n    `;\r\n\r\n    if (emailMissing) {\r\n\r\n        html += `\r\n            <div style=\"margin-top:15px;color:#d97706;font-weight:bold;\">\r\n                \u26a0 Aucun email d\u00e9tect\u00e9. Envoi impossible.\r\n            <\/div>\r\n        `;\r\n\r\n    } else {\r\n\r\n        html += `\r\n            <button id=\"sendFinalEmail\"\r\n                style=\"margin-top:15px;width:100%;padding:12px;background:#28a745;color:white;border:none;border-radius:5px;\">\r\n                Envoyer l\u2019email\r\n            <\/button>\r\n        `;\r\n    }\r\n\r\n    html += `<\/div>`;\r\n\r\n    resultDiv.innerHTML = html;\r\n\r\n\r\n\r\n    \/\/ Listener uniquement si bouton existe\r\n    if (!emailMissing) {\r\n\r\n        const btn = document.getElementById('sendFinalEmail');\r\n\r\n        if (btn) {\r\n            btn.addEventListener('click', async function() {\r\n\r\n                const finalSubject = document.getElementById('emailSubject').value.trim();\r\n                const finalContent = document.getElementById('emailContent').value.trim();\r\n\r\n                if (!finalSubject || !finalContent) {\r\n                    alert(\"Sujet et contenu obligatoires.\");\r\n                    return;\r\n                }\r\n\r\n                let sendData = new FormData();\r\n                sendData.append('contact_id', data.contact_id);\r\n                sendData.append('subject', finalSubject);\r\n                sendData.append('content', finalContent);\r\n\r\n                try {\r\n\r\n                    const sendResponse = await fetch(\"https:\/\/cstpro-b2b.com\/wp-json\/cstpro\/v1\/send-email\", {\r\n                        method: \"POST\",\r\n                        headers: {\r\n                            \"x-api-key\": \"test\"\r\n                        },\r\n                        body: sendData\r\n                    });\r\n\r\n                    const sendResult = await sendResponse.json();\r\n\r\n                    if (sendResult.success) {\r\n                        alert(\"Email envoy\u00e9 avec succ\u00e8s !\");\r\n                    } else {\r\n                        alert(\"Erreur : \" + (sendResult.error || \"Envoi impossible\"));\r\n                    }\r\n\r\n                } catch (err) {\r\n    console.error(\"ERREUR FETCH :\", err);\r\n    alert(\"Erreur connexion serveur (voir console)\");\r\n}\r\n\r\n            });\r\n        }\r\n    }\r\n} else {\r\n            resultDiv.innerHTML = \"<div style='color:green;'>Contact cr\u00e9\u00e9 sans email.<\/div>\";\r\n        }\r\n\r\n    } catch (error) {\r\n        resultDiv.innerHTML = \"<div style='color:red;'>Erreur serveur<\/div>\";\r\n    }\r\n\r\n});\r\n<\/script>\r\n\r\n<\/div>\n\t\t\t\t\t\t<\/div>\n\t\t\t\t<\/div>\n\t\t\t\t\t<\/div>\n\t\t\t\t<\/div>\n\t\t\t\t<\/div>\n\t\t","protected":false},"excerpt":{"rendered":"","protected":false},"author":1,"featured_media":0,"parent":0,"menu_order":0,"comment_status":"closed","ping_status":"closed","template":"elementor_canvas","meta":{"site-sidebar-layout":"no-sidebar","site-content-layout":"page-builder","ast-site-content-layout":"full-width-container","site-content-style":"default","site-sidebar-style":"default","ast-global-header-display":"","ast-banner-title-visibility":"","ast-main-header-display":"","ast-hfb-above-header-display":"","ast-hfb-below-header-display":"","ast-hfb-mobile-header-display":"","site-post-title":"","ast-breadcrumbs-content":"","ast-featured-img":"disabled","footer-sml-layout":"","ast-disable-related-posts":"","theme-transparent-header-meta":"","adv-header-id-meta":"","stick-header-meta":"","header-above-stick-meta":"","header-main-stick-meta":"","header-below-stick-meta":"","astra-migrate-meta-layouts":"set","ast-page-background-enabled":"default","ast-page-background-meta":{"desktop":{"background-color":"","background-image":"","background-repeat":"repeat","background-position":"center center","background-size":"auto","background-attachment":"scroll","background-type":"","background-media":"","overlay-type":"","overlay-color":"","overlay-opacity":"","overlay-gradient":""},"tablet":{"background-color":"","background-image":"","background-repeat":"repeat","background-position":"center center","background-size":"auto","background-attachment":"scroll","background-type":"","background-media":"","overlay-type":"","overlay-color":"","overlay-opacity":"","overlay-gradient":""},"mobile":{"background-color":"","background-image":"","background-repeat":"repeat","background-position":"center center","background-size":"auto","background-attachment":"scroll","background-type":"","background-media":"","overlay-type":"","overlay-color":"","overlay-opacity":"","overlay-gradient":""}},"ast-content-background-meta":{"desktop":{"background-color":"var(--ast-global-color-5)","background-image":"","background-repeat":"repeat","background-position":"center center","background-size":"auto","background-attachment":"scroll","background-type":"","background-media":"","overlay-type":"","overlay-color":"","overlay-opacity":"","overlay-gradient":""},"tablet":{"background-color":"var(--ast-global-color-5)","background-image":"","background-repeat":"repeat","background-position":"center center","background-size":"auto","background-attachment":"scroll","background-type":"","background-media":"","overlay-type":"","overlay-color":"","overlay-opacity":"","overlay-gradient":""},"mobile":{"background-color":"var(--ast-global-color-5)","background-image":"","background-repeat":"repeat","background-position":"center center","background-size":"auto","background-attachment":"scroll","background-type":"","background-media":"","overlay-type":"","overlay-color":"","overlay-opacity":"","overlay-gradient":""}},"footnotes":""},"class_list":["post-3938","page","type-page","status-publish","hentry"],"_links":{"self":[{"href":"https:\/\/cstpro-b2b.com\/en\/wp-json\/wp\/v2\/pages\/3938","targetHints":{"allow":["GET"]}}],"collection":[{"href":"https:\/\/cstpro-b2b.com\/en\/wp-json\/wp\/v2\/pages"}],"about":[{"href":"https:\/\/cstpro-b2b.com\/en\/wp-json\/wp\/v2\/types\/page"}],"author":[{"embeddable":true,"href":"https:\/\/cstpro-b2b.com\/en\/wp-json\/wp\/v2\/users\/1"}],"replies":[{"embeddable":true,"href":"https:\/\/cstpro-b2b.com\/en\/wp-json\/wp\/v2\/comments?post=3938"}],"version-history":[{"count":4,"href":"https:\/\/cstpro-b2b.com\/en\/wp-json\/wp\/v2\/pages\/3938\/revisions"}],"predecessor-version":[{"id":3942,"href":"https:\/\/cstpro-b2b.com\/en\/wp-json\/wp\/v2\/pages\/3938\/revisions\/3942"}],"wp:attachment":[{"href":"https:\/\/cstpro-b2b.com\/en\/wp-json\/wp\/v2\/media?parent=3938"}],"curies":[{"name":"wp","href":"https:\/\/api.w.org\/{rel}","templated":true}]}}