{"id":4096,"date":"2026-03-20T09:44:17","date_gmt":"2026-03-20T08:44:17","guid":{"rendered":"https:\/\/cstpro-b2b.com\/?page_id=4096"},"modified":"2026-03-20T09:46:34","modified_gmt":"2026-03-20T08:46:34","slug":"formulaire-fluent-south-american-destination","status":"publish","type":"page","link":"https:\/\/cstpro-b2b.com\/en\/formulaire-fluent-south-american-destination\/","title":{"rendered":"Formulaire Fluent \/ SOUTH AMERICAN DESTINATION"},"content":{"rendered":"\t\t<div data-elementor-type=\"wp-page\" data-elementor-id=\"4096\" class=\"elementor elementor-4096\">\n\t\t\t\t<div class=\"elementor-element elementor-element-1356b60 e-flex e-con-boxed e-con e-parent\" data-id=\"1356b60\" data-element_type=\"container\" data-e-type=\"container\">\n\t\t\t\t\t<div class=\"e-con-inner\">\n\t\t\t\t<div class=\"elementor-element elementor-element-a4b3eaa elementor-widget elementor-widget-html\" data-id=\"a4b3eaa\" data-element_type=\"widget\" data-e-type=\"widget\" data-widget_type=\"html.default\">\n\t\t\t\t<div class=\"elementor-widget-container\">\n\t\t\t\t\t<style>\r\n\/* ===================== *\/\r\n\/*  OVERLAY SECTION      *\/\r\n\/* ===================== *\/\r\n.section-overlay {\r\n  position: relative;\r\n}\r\n\r\n.section-overlay:before {\r\n  content: \"\";\r\n  position: absolute;\r\n  inset: 0;\r\n  background: rgba(214, 40, 40, 0.28); \/* rouge CSTPRO *\/\r\n  z-index: 1;\r\n}\r\n\r\n.section-overlay > * {\r\n  position: relative;\r\n  z-index: 2;\r\n}\r\n\r\n\/* ===================== *\/\r\n\/*  CONTAINER FORMULAIRE *\/\r\n\/* ===================== *\/\r\n.fluentform {\r\n  max-width: 620px;\r\n  margin: 0 auto;\r\n  background: #FFFFFF;\r\n  padding: 30px;\r\n  border-radius: 8px;\r\n  border: 1px solid #E4DFDA;\r\n}\r\n\r\n\/* ===================== *\/\r\n\/*  LABELS               *\/\r\n\/* ===================== *\/\r\n.fluentform .ff-el-form-control label,\r\n.fluentform .ff-el-group label {\r\n  font-family: 'Lucida Sans Unicode','Lucida Grande','Verdana',sans-serif;\r\n  font-size: 14px;\r\n  color: #D62828 !important;\r\n  font-weight: 600;\r\n  margin-bottom: 6px;\r\n}\r\n\r\n\/* ===================== *\/\r\n\/*  CHAMPS \/ INPUTS      *\/\r\n\/* ===================== *\/\r\n.fluentform input[type=\"text\"],\r\n.fluentform input[type=\"email\"],\r\n.fluentform input[type=\"tel\"],\r\n.fluentform textarea,\r\n.fluentform select {\r\n  width: 100% !important;\r\n  padding: 12px 14px !important;\r\n  border-radius: 6px !important;\r\n  border: 1px solid #E4DFDA !important;\r\n  background: #FFFFFF !important;\r\n  color: #55494A !important;\r\n  font-size: 14px !important;\r\n  font-family: 'Lucida Sans Unicode','Lucida Grande','Verdana',sans-serif;\r\n}\r\n\r\n\/* ===================== *\/\r\n\/*  FOCUS                *\/\r\n\/* ===================== *\/\r\n.fluentform input:focus,\r\n.fluentform textarea:focus,\r\n.fluentform select:focus {\r\n  border-color: #D62828 !important;\r\n  box-shadow: 0 0 4px rgba(214, 40, 40, 0.25) !important;\r\n  outline: none !important;\r\n}\r\n\r\n\/* ===================== *\/\r\n\/*  BOUTON SUBMIT        *\/\r\n\/* ===================== *\/\r\n.fluentform .ff_btn_submit {\r\n  background: #D62828 !important;\r\n  color: #FFFFFF !important;\r\n  padding: 13px 34px !important;\r\n  font-size: 14px !important;\r\n  font-weight: 600 !important;\r\n  border-radius: 30px !important;\r\n  border: none !important;\r\n  font-family: 'Lucida Sans Unicode','Lucida Grande','Verdana',sans-serif !important;\r\n  transition: background 0.25s ease !important;\r\n  cursor: pointer !important;\r\n  letter-spacing: 0.3px !important;\r\n}\r\n\r\n.fluentform .ff_btn_submit:hover {\r\n  background: #A61E1E !important;\r\n}\r\n\r\n\/* ===================== *\/\r\n\/*  PLACEHOLDER          *\/\r\n\/* ===================== *\/\r\n.fluentform ::placeholder {\r\n  color: #8B7B7E !important;\r\n  font-size: 13px;\r\n}\r\n\r\n\/* ===================== *\/\r\n\/*  ESPACEMENT CHAMPS    *\/\r\n\/* ===================== *\/\r\n.fluentform .ff-el-group {\r\n  margin-bottom: 18px;\r\n}\r\n<\/style>\r\n\t\t\t\t<\/div>\n\t\t\t\t<\/div>\n\t\t\t\t<div class=\"elementor-element elementor-element-6f9eafd elementor-widget elementor-widget-shortcode\" data-id=\"6f9eafd\" data-element_type=\"widget\" data-e-type=\"widget\" data-widget_type=\"shortcode.default\">\n\t\t\t\t<div class=\"elementor-widget-container\">\n\t\t\t\t\t\t\t<div class=\"elementor-shortcode\"><div class=\"trp-shortcode-switcher__wrapper\"\r\n     style=\"--bg:#ffffffb2;--bg-hover:#ffffffb2;--text:#000000;--text-hover:#000000;--border:1px solid transparent;--border-width:1px;--border-color:transparent;--border-radius:5px;--flag-radius:2px;--flag-size:18px;--aspect-ratio:4\/3;--font-size:14px;--transition-duration:0.2s\"\r\n     role=\"group\"\r\n     data-open-mode=\"hover\">\r\n\r\n    \r\n        <!-- ANCHOR (in-flow only; sizing\/borders; inert) -->\r\n        <div class=\"trp-language-switcher trp-ls-dropdown trp-shortcode-switcher trp-shortcode-anchor trp-open-on-hover\"\r\n             aria-hidden=\"true\"\r\n             inert\r\n             data-no-translation>\r\n                <div class=\"trp-current-language-item__wrapper\">\r\n        <a class=\"trp-language-item trp-language-item__default trp-language-item__current\" data-no-translation href=\"https:\/\/cstpro-b2b.com\/en\/wp-json\/wp\/v2\/pages\/4096#TRPLINKPROCESSED\" title=\"English\"><img decoding=\"async\" src=\"https:\/\/cstpro-b2b.com\/wp-content\/plugins\/translatepress-multilingual\/assets\/flags\/4x3\/en_GB.svg\" class=\"trp-flag-image\" alt=\"\" role=\"presentation\" loading=\"lazy\" \/><span class=\"trp-language-item-name\">English<\/span><\/a>                    <svg class=\"trp-shortcode-arrow\" width=\"20\" height=\"20\" viewBox=\"0 0 20 21\" fill=\"none\" aria-hidden=\"true\" focusable=\"false\" xmlns=\"http:\/\/www.w3.org\/2000\/svg\">\r\n                <path d=\"M5 8L10 13L15 8\" stroke=\"var(--text)\" stroke-width=\"2\" stroke-linecap=\"round\" stroke-linejoin=\"round\"\/>\r\n            <\/svg>\r\n            <\/div>\r\n            <\/div>\r\n\r\n        <!-- OVERLAY (positioned; interactive surface) -->\r\n        <div class=\"trp-language-switcher trp-ls-dropdown trp-shortcode-switcher trp-shortcode-overlay trp-open-on-hover\"\r\n             role=\"navigation\"\r\n             aria-label=\"Website language selector\"\r\n             data-no-translation\r\n        >\r\n                <div class=\"trp-current-language-item__wrapper\">\r\n        <div class=\"trp-language-item trp-language-item__default trp-language-item__current\" data-no-translation role=\"button\" aria-expanded=\"false\" tabindex=\"0\" aria-label=\"Change language\" aria-controls=\"trp-shortcode-dropdown-69e1926201fe7\"><img decoding=\"async\" src=\"https:\/\/cstpro-b2b.com\/wp-content\/plugins\/translatepress-multilingual\/assets\/flags\/4x3\/en_GB.svg\" class=\"trp-flag-image\" alt=\"\" role=\"presentation\" loading=\"lazy\" \/><span class=\"trp-language-item-name\">English<\/span><\/div>                    <svg class=\"trp-shortcode-arrow\" width=\"20\" height=\"20\" viewBox=\"0 0 20 21\" fill=\"none\" aria-hidden=\"true\" focusable=\"false\" xmlns=\"http:\/\/www.w3.org\/2000\/svg\">\r\n                <path d=\"M5 8L10 13L15 8\" stroke=\"var(--text)\" stroke-width=\"2\" stroke-linecap=\"round\" stroke-linejoin=\"round\"\/>\r\n            <\/svg>\r\n            <\/div>\r\n    \r\n            <div class=\"trp-switcher-dropdown-list\"\r\n                 id=\"trp-shortcode-dropdown-69e1926201fe7\"\r\n                 role=\"group\"\r\n                 aria-label=\"Available languages\"\r\n                 hidden\r\n                 inert\r\n            >\r\n                                                            <a class=\"trp-language-item\" href=\"https:\/\/cstpro-b2b.com\/en\/wp-json\/wp\/v2\/pages\/4096#TRPLINKPROCESSED\" title=\"French\">\r\n                            <img decoding=\"async\" src=\"https:\/\/cstpro-b2b.com\/wp-content\/plugins\/translatepress-multilingual\/assets\/flags\/4x3\/fr_FR.svg\" class=\"trp-flag-image\" alt=\"\" role=\"presentation\" loading=\"lazy\" \/>                                                            <span class=\"trp-language-item-name\" data-no-translation>French<\/span>\r\n                                                                                <\/a>\r\n                                                <\/div>\r\n        <\/div>\r\n\r\n    <\/div>\r\n<\/div>\n\t\t\t\t\t\t<\/div>\n\t\t\t\t<\/div>\n\t\t\t\t<div class=\"elementor-element elementor-element-6f8e1fd elementor-widget elementor-widget-html\" data-id=\"6f8e1fd\" data-element_type=\"widget\" data-e-type=\"widget\" data-widget_type=\"html.default\">\n\t\t\t\t<div class=\"elementor-widget-container\">\n\t\t\t\t\t<table role=\"presentation\" width=\"100%\" cellpadding=\"0\" cellspacing=\"0\" border=\"0\">\r\n  <tr>\r\n    <td align=\"center\" style=\"padding:50px 20px 36px 20px;\">\r\n\r\n      <table role=\"presentation\" width=\"100%\" cellpadding=\"0\" cellspacing=\"0\" border=\"0\"\r\n             style=\"max-width:760px;\r\n                    background-color:#FFFFFF;\r\n                    border:1px solid #E4DFDA;\r\n                    border-radius:6px;\">\r\n\r\n        <!-- Logo -->\r\n        <tr>\r\n          <td align=\"center\" style=\"padding:32px 40px 14px 40px;\">\r\n            <img decoding=\"async\" src=\"https:\/\/cstpro-b2b.com\/wp-content\/uploads\/2026\/03\/logo-SAD-07rojo_nuevo.jpg\"\r\n                 alt=\"South American Destination\"\r\n                 style=\"display:block;border:0;max-width:180px;height:auto;\">\r\n          <\/td>\r\n        <\/tr>\r\n\r\n        <!-- Titre -->\r\n        <tr>\r\n          <td align=\"center\" style=\"padding:6px 40px 6px 40px;\r\n              font-family:'Lucida Sans Unicode','Lucida Grande','Verdana',sans-serif;\">\r\n            <h1 style=\"margin:0;\r\n                font-size:28px;\r\n                line-height:36px;\r\n                color:#D62828;\r\n                font-weight:normal;\">\r\n              Demande de programme sur mesure\r\n            <\/h1>\r\n          <\/td>\r\n        <\/tr>\r\n\r\n        <!-- Sous-titre -->\r\n        <tr>\r\n          <td align=\"center\" style=\"padding:0 40px 14px 40px;\r\n              font-family:'Lucida Sans Unicode','Lucida Grande','Verdana',sans-serif;\">\r\n            <p style=\"margin:0;\r\n                font-size:15px;\r\n                line-height:22px;\r\n                color:#8B7B7E;\">\r\n              Am\u00e9rique du Sud \u2014 ing\u00e9nierie d\u2019itin\u00e9raires pour professionnels du tourisme\r\n            <\/p>\r\n          <\/td>\r\n        <\/tr>\r\n\r\n        <!-- S\u00e9parateur -->\r\n        <tr>\r\n          <td align=\"center\" style=\"padding:10px 0 18px 0;\">\r\n            <table role=\"presentation\" width=\"80\" cellpadding=\"0\" cellspacing=\"0\" border=\"0\">\r\n              <tr>\r\n                <td style=\"border-top:2px solid #D62828;font-size:0;line-height:0;\">\r\n                  &nbsp;\r\n                <\/td>\r\n              <\/tr>\r\n            <\/table>\r\n          <\/td>\r\n        <\/tr>\r\n\r\n        <!-- Texte d\u2019introduction -->\r\n        <tr>\r\n          <td align=\"center\" style=\"padding:0 48px 34px 48px;\r\n              font-family:'Lucida Sans Unicode','Lucida Grande','Verdana',sans-serif;\r\n              font-size:14px;\r\n              line-height:22px;\r\n              color:#55494A;\">\r\n\r\n            Ce formulaire est d\u00e9di\u00e9 aux agences de voyages et tour-op\u00e9rateurs souhaitant structurer un projet en Am\u00e9rique du Sud.<br><br>\r\n\r\n            Au-del\u00e0 d\u2019une simple demande tarifaire, il permet de poser les bases d\u2019un itin\u00e9raire coh\u00e9rent, adapt\u00e9 au profil de vos clients et aux contraintes sp\u00e9cifiques des territoires.<br><br>\r\n\r\n            Nos \u00e9quipes analyseront votre demande afin de vous proposer une r\u00e9ponse argument\u00e9e, int\u00e9grant faisabilit\u00e9, rythme, logistique et valorisation de l\u2019exp\u00e9rience.\r\n\r\n          <\/td>\r\n        <\/tr>\r\n\r\n      <\/table>\r\n\r\n    <\/td>\r\n  <\/tr>\r\n<\/table>\t\t\t\t<\/div>\n\t\t\t\t<\/div>\n\t\t\t\t<div class=\"elementor-element elementor-element-018ca9b elementor-widget elementor-widget-shortcode\" data-id=\"018ca9b\" data-element_type=\"widget\" data-e-type=\"widget\" data-widget_type=\"shortcode.default\">\n\t\t\t\t<div class=\"elementor-widget-container\">\n\t\t\t\t\t\t\t<div class=\"elementor-shortcode\"><div class='fluentform ff-default fluentform_wrapper_22 ffs_default_wrap'><form data-form_id=\"22\" id=\"fluentform_22\" class=\"frm-fluent-form fluent_form_22 ff-el-form-top ff_form_instance_22_1 ff-form-loading ffs_default\" data-form_instance=\"ff_form_instance_22_1\" method=\"POST\" ><fieldset  style=\"border: none!important;margin: 0!important;padding: 0!important;background-color: transparent!important;box-shadow: none!important;outline: none!important; min-inline-size: 100%;\">\n                    <legend class=\"ff_screen_reader_title\" style=\"display: block; margin: 0!important;padding: 0!important;height: 0!important;text-indent: -999999px;width: 0!important;overflow:hidden;\">Demande de Devis Voyage - SOUTH AMERICAN DESTINATION<\/legend><input type='hidden' name='__fluent_form_embded_post_id' value='4096' \/><input type=\"hidden\" id=\"_fluentform_22_fluentformnonce\" name=\"_fluentform_22_fluentformnonce\" value=\"d832157b71\" \/><input type=\"hidden\" name=\"_wp_http_referer\" value=\"\/en\/wp-json\/wp\/v2\/pages\/4096\" \/><div class='ff-el-group'><div class=\"ff-el-input--label asterisk-right\"><label for='ff_22_dropdown' id='label_ff_22_dropdown' aria-label=\"Type de demande :\">Type de demande :<\/label><\/div><div class='ff-el-input--content'><select name=\"dropdown\" id=\"ff_22_dropdown\" class=\"ff-el-form-control\" data-name=\"dropdown\" data-calc_value=\"0\"  aria-invalid=\"false\" aria-required=\"false\" aria-labelledby=\"label_ff_22_dropdown\"><option value=\"\">Type de demande<\/option><option value=\"Discuter d&#039;un dossier 2026\"  >Discuter d'un dossier 2026<\/option><option value=\"\u00c9changer sur un projet client\"  >\u00c9changer sur un projet client<\/option><option value=\"Nous contacter pour un partenariat 2026\"  >Nous contacter pour un partenariat 2026<\/option><\/select><\/div><\/div><div class='ff-el-group'><div class=\"ff-el-input--label asterisk-right\"><label for='ff_22_dropdown_1' id='label_ff_22_dropdown_1' aria-label=\"Vous \u00eates :\">Vous \u00eates :<\/label><\/div><div class='ff-el-input--content'><select name=\"dropdown_1\" id=\"ff_22_dropdown_1\" class=\"ff-el-form-control\" data-name=\"dropdown_1\" data-calc_value=\"0\"  aria-invalid=\"false\" aria-required=\"false\" aria-labelledby=\"label_ff_22_dropdown_1\"><option value=\"\">- Select -<\/option><option value=\"Professionnel du tourisme\"  >Professionnel du tourisme<\/option><option value=\"Agence de voyages\"  >Agence de voyages<\/option><option value=\"Tour-op\u00e9rateur\"  >Tour-op\u00e9rateur<\/option><option value=\"Travel designer \/ conseiller ind\u00e9pendant\"  >Travel designer \/ conseiller ind\u00e9pendant<\/option><option value=\"Autre\"  >Autre<\/option><\/select><\/div><\/div><div data-type=\"name-element\" data-name=\"names\" class=\" ff-field_container ff-name-field-wrapper\" ><div class='ff-t-container'><div class='ff-t-cell '><div class='ff-el-group ff-el-form-top'><div class=\"ff-el-input--label asterisk-right\"><label for='ff_22_names_first_name_' id='label_ff_22_names_first_name_' >Pr\u00e9nom<\/label><\/div><div class='ff-el-input--content'><input type=\"text\" name=\"names[first_name]\" id=\"ff_22_names_first_name_\" class=\"ff-el-form-control\" placeholder=\"Saisissez votre pr\u00e9nom\" aria-invalid=\"false\" aria-required=false><\/div><\/div><\/div><div class='ff-t-cell '><div class='ff-el-group ff-el-form-top'><div class=\"ff-el-input--label asterisk-right\"><label for='ff_22_names_last_name_' id='label_ff_22_names_last_name_' >Nom de famille<\/label><\/div><div class='ff-el-input--content'><input type=\"text\" name=\"names[last_name]\" id=\"ff_22_names_last_name_\" class=\"ff-el-form-control\" placeholder=\"Saisissez votre nom de famille\" aria-invalid=\"false\" aria-required=false><\/div><\/div><\/div><\/div><\/div><div class='ff-el-group'><div class=\"ff-el-input--label asterisk-right\"><label for='ff_22_email' id='label_ff_22_email' aria-label=\"E-mail\">E-mail<\/label><\/div><div class='ff-el-input--content'><input type=\"email\" name=\"email\" id=\"ff_22_email\" class=\"ff-el-form-control\" placeholder=\"Email Address\" data-name=\"email\"  aria-invalid=\"false\" aria-required=false><\/div><\/div><div class='ff-el-group'><div class=\"ff-el-input--label asterisk-right\"><label for='ff_22_input_text' id='label_ff_22_input_text' aria-label=\"T\u00e9l\u00e9phone\">T\u00e9l\u00e9phone<\/label><\/div><div class='ff-el-input--content'><input type=\"text\" name=\"input_text\" class=\"ff-el-form-control\" data-name=\"input_text\" id=\"ff_22_input_text\"  aria-invalid=\"false\" aria-required=false><\/div><\/div><div class='ff-el-group'><div class=\"ff-el-input--label asterisk-right\"><label for='ff_22_description' id='label_ff_22_description' aria-label=\"Objet de la demande\">Objet de la demande<\/label><\/div><div class='ff-el-input--content'><textarea aria-required=\"false\" aria-labelledby=\"label_ff_22_description\" name=\"description\" id=\"ff_22_description\" class=\"ff-el-form-control\" placeholder=\"Ex. : Voyage sur mesure Japon \u2013 printemps 2026\" rows=\"3\" cols=\"2\" data-name=\"description\" ><\/textarea><\/div><\/div><div class='ff-el-group'><div class=\"ff-el-input--label asterisk-right\"><label for='ff_22_description_1' id='label_ff_22_description_1' aria-label=\"Message \/ \u00e9l\u00e9ments \u00e0 nous transmettre\">Message \/ \u00e9l\u00e9ments \u00e0 nous transmettre<\/label><\/div><div class='ff-el-input--content'><textarea aria-required=\"false\" aria-labelledby=\"label_ff_22_description_1\" name=\"description_1\" id=\"ff_22_description_1\" class=\"ff-el-form-control\" placeholder=\"Dates envisag\u00e9es, nombre de voyageurs, r\u00e9gions souhait\u00e9es, niveau de confort, budget estimatif, contraintes sp\u00e9cifiques\u2026 Pour les professionnels : contexte du dossier et attentes clients.\" rows=\"3\" cols=\"2\" data-name=\"description_1\" ><\/textarea><\/div><\/div><div class='ff-el-group ff-text-left ff_submit_btn_wrapper'><button type=\"submit\" class=\"ff-btn ff-btn-submit ff-btn-md ff_btn_style\"  aria-label=\"Envoyer\">Envoyer<\/button><\/div><\/fieldset><\/form><div id='fluentform_22_errors' class='ff-errors-in-stack ff_form_instance_22_1 ff-form-loading_errors ff_form_instance_22_1_errors'><\/div><\/div>            <script type=\"text\/javascript\">\n                window.fluent_form_ff_form_instance_22_1 = {\"id\":\"22\",\"ajaxUrl\":\"https:\\\/\\\/cstpro-b2b.com\\\/wp-admin\\\/admin-ajax.php\",\"settings\":{\"layout\":{\"labelPlacement\":\"top\",\"asteriskPlacement\":\"asterisk-right\",\"helpMessagePlacement\":\"with_label\",\"errorMessagePlacement\":\"inline\",\"cssClassName\":\"\"},\"restrictions\":{\"denyEmptySubmission\":{\"enabled\":false}}},\"form_instance\":\"ff_form_instance_22_1\",\"form_id_selector\":\"fluentform_22\",\"rules\":{\"dropdown\":{\"required\":{\"value\":false,\"message\":\"This field is required\",\"global_message\":\"Ce champ est obligatoire\",\"global\":true}},\"dropdown_1\":{\"required\":{\"value\":false,\"message\":\"This field is required\",\"global_message\":\"Ce champ est obligatoire\",\"global\":true}},\"names[first_name]\":{\"required\":{\"value\":false,\"message\":\"This field is required\",\"global_message\":\"Ce champ est obligatoire\",\"global\":true}},\"names[middle_name]\":{\"required\":{\"value\":false,\"message\":\"This field is required\",\"global_message\":\"Ce champ est obligatoire\",\"global\":true}},\"names[last_name]\":{\"required\":{\"value\":false,\"message\":\"This field is required\",\"global_message\":\"Ce champ est obligatoire\",\"global\":true}},\"email\":{\"required\":{\"value\":false,\"message\":\"This field is required\",\"global_message\":\"Ce champ est obligatoire\",\"global\":true},\"email\":{\"value\":true,\"message\":\"This field must contain a valid email\",\"global_message\":\"Ce champ doit contenir un e-mail valide\",\"global\":true}},\"input_text\":{\"required\":{\"value\":false,\"message\":\"This field is required\",\"global_message\":\"Ce champ est obligatoire\",\"global\":true}},\"description\":{\"required\":{\"value\":false,\"message\":\"This field is required\",\"global_message\":\"Ce champ est obligatoire\",\"global\":true}},\"description_1\":{\"required\":{\"value\":false,\"message\":\"This field is required\",\"global_message\":\"Ce champ est obligatoire\",\"global\":true}}},\"debounce_time\":300};\n                            <\/script>\n            <\/div>\n\t\t\t\t\t\t<\/div>\n\t\t\t\t<\/div>\n\t\t\t\t\t<\/div>\n\t\t\t\t<\/div>\n\t\t\t\t<\/div>\n\t\t","protected":false},"excerpt":{"rendered":"<p>Demande de programme sur mesure Am\u00e9rique du Sud \u2014 ing\u00e9nierie d\u2019itin\u00e9raires pour professionnels du tourisme &nbsp; Ce formulaire est d\u00e9di\u00e9 aux agences de voyages et tour-op\u00e9rateurs souhaitant structurer un projet en Am\u00e9rique du Sud. Au-del\u00e0 d\u2019une simple demande tarifaire, il permet de poser les bases d\u2019un itin\u00e9raire coh\u00e9rent, adapt\u00e9 au profil de vos clients et [&hellip;]<\/p>\n","protected":false},"author":1,"featured_media":0,"parent":0,"menu_order":0,"comment_status":"closed","ping_status":"closed","template":"elementor_canvas","meta":{"site-sidebar-layout":"no-sidebar","site-content-layout":"page-builder","ast-site-content-layout":"default","site-content-style":"default","site-sidebar-style":"default","ast-global-header-display":"","ast-banner-title-visibility":"","ast-main-header-display":"","ast-hfb-above-header-display":"","ast-hfb-below-header-display":"","ast-hfb-mobile-header-display":"","site-post-title":"","ast-breadcrumbs-content":"","ast-featured-img":"disabled","footer-sml-layout":"","ast-disable-related-posts":"","theme-transparent-header-meta":"","adv-header-id-meta":"","stick-header-meta":"","header-above-stick-meta":"","header-main-stick-meta":"","header-below-stick-meta":"","astra-migrate-meta-layouts":"set","ast-page-background-enabled":"default","ast-page-background-meta":{"desktop":{"background-color":"","background-image":"","background-repeat":"repeat","background-position":"center center","background-size":"auto","background-attachment":"scroll","background-type":"","background-media":"","overlay-type":"","overlay-color":"","overlay-opacity":"","overlay-gradient":""},"tablet":{"background-color":"","background-image":"","background-repeat":"repeat","background-position":"center center","background-size":"auto","background-attachment":"scroll","background-type":"","background-media":"","overlay-type":"","overlay-color":"","overlay-opacity":"","overlay-gradient":""},"mobile":{"background-color":"","background-image":"","background-repeat":"repeat","background-position":"center center","background-size":"auto","background-attachment":"scroll","background-type":"","background-media":"","overlay-type":"","overlay-color":"","overlay-opacity":"","overlay-gradient":""}},"ast-content-background-meta":{"desktop":{"background-color":"var(--ast-global-color-5)","background-image":"","background-repeat":"repeat","background-position":"center center","background-size":"auto","background-attachment":"scroll","background-type":"","background-media":"","overlay-type":"","overlay-color":"","overlay-opacity":"","overlay-gradient":""},"tablet":{"background-color":"var(--ast-global-color-5)","background-image":"","background-repeat":"repeat","background-position":"center center","background-size":"auto","background-attachment":"scroll","background-type":"","background-media":"","overlay-type":"","overlay-color":"","overlay-opacity":"","overlay-gradient":""},"mobile":{"background-color":"var(--ast-global-color-5)","background-image":"","background-repeat":"repeat","background-position":"center center","background-size":"auto","background-attachment":"scroll","background-type":"","background-media":"","overlay-type":"","overlay-color":"","overlay-opacity":"","overlay-gradient":""}},"footnotes":""},"class_list":["post-4096","page","type-page","status-publish","hentry"],"_links":{"self":[{"href":"https:\/\/cstpro-b2b.com\/en\/wp-json\/wp\/v2\/pages\/4096","targetHints":{"allow":["GET"]}}],"collection":[{"href":"https:\/\/cstpro-b2b.com\/en\/wp-json\/wp\/v2\/pages"}],"about":[{"href":"https:\/\/cstpro-b2b.com\/en\/wp-json\/wp\/v2\/types\/page"}],"author":[{"embeddable":true,"href":"https:\/\/cstpro-b2b.com\/en\/wp-json\/wp\/v2\/users\/1"}],"replies":[{"embeddable":true,"href":"https:\/\/cstpro-b2b.com\/en\/wp-json\/wp\/v2\/comments?post=4096"}],"version-history":[{"count":7,"href":"https:\/\/cstpro-b2b.com\/en\/wp-json\/wp\/v2\/pages\/4096\/revisions"}],"predecessor-version":[{"id":4105,"href":"https:\/\/cstpro-b2b.com\/en\/wp-json\/wp\/v2\/pages\/4096\/revisions\/4105"}],"wp:attachment":[{"href":"https:\/\/cstpro-b2b.com\/en\/wp-json\/wp\/v2\/media?parent=4096"}],"curies":[{"name":"wp","href":"https:\/\/api.w.org\/{rel}","templated":true}]}}