{"id":4160,"date":"2026-03-24T10:37:06","date_gmt":"2026-03-24T09:37:06","guid":{"rendered":"https:\/\/cstpro-b2b.com\/?page_id=4160"},"modified":"2026-03-24T10:39:40","modified_gmt":"2026-03-24T09:39:40","slug":"formulaire-fluent-ideal","status":"publish","type":"page","link":"https:\/\/cstpro-b2b.com\/en\/formulaire-fluent-ideal\/","title":{"rendered":"Formulaire Fluent \/ IDEAL"},"content":{"rendered":"\t\t<div data-elementor-type=\"wp-page\" data-elementor-id=\"4160\" class=\"elementor elementor-4160\">\n\t\t\t\t<div class=\"elementor-element elementor-element-1356b60 e-flex e-con-boxed e-con e-parent\" data-id=\"1356b60\" data-element_type=\"container\" data-e-type=\"container\">\n\t\t\t\t\t<div class=\"e-con-inner\">\n\t\t\t\t<div class=\"elementor-element elementor-element-a4b3eaa elementor-widget elementor-widget-html\" data-id=\"a4b3eaa\" data-element_type=\"widget\" data-e-type=\"widget\" data-widget_type=\"html.default\">\n\t\t\t\t<div class=\"elementor-widget-container\">\n\t\t\t\t\t<style>\r\n\r\n\/* ===================== *\/\r\n\/*  OVERLAY SECTION      *\/\r\n\/* ===================== *\/\r\n.section-overlay {\r\n  position: relative;\r\n}\r\n\r\n.section-overlay:before {\r\n  content: \"\";\r\n  position: absolute;\r\n  inset: 0;\r\n  background: rgba(0, 0, 0, 0.25); \/* overlay sobre *\/\r\n  z-index: 1;\r\n}\r\n\r\n.section-overlay > * {\r\n  position: relative;\r\n  z-index: 2;\r\n}\r\n\r\n\/* ===================== *\/\r\n\/*  CONTAINER FORMULAIRE *\/\r\n\/* ===================== *\/\r\n.fluentform {\r\n  max-width: 600px;\r\n  margin: 0 auto;\r\n  background: #fbfaf7; \/* sable l\u00e9ger *\/\r\n  padding: 30px;\r\n  border-radius: 8px;\r\n  border: 1px solid #eeeeee;\r\n}\r\n\r\n\/* ===================== *\/\r\n\/*  LABELS               *\/\r\n\/* ===================== *\/\r\n.fluentform .ff-el-form-control label,\r\n.fluentform .ff-el-group label {\r\n  font-family: 'Lucida Sans Unicode','Lucida Grande','Verdana',sans-serif;\r\n  font-size: 13px;\r\n  color: #999999 !important;\r\n  font-weight: 600;\r\n  letter-spacing: 0.5px;\r\n  text-transform: uppercase;\r\n  margin-bottom: 6px;\r\n}\r\n\r\n\/* ===================== *\/\r\n\/*  CHAMPS \/ INPUTS      *\/\r\n\/* ===================== *\/\r\n.fluentform input[type=\"text\"],\r\n.fluentform input[type=\"email\"],\r\n.fluentform input[type=\"tel\"],\r\n.fluentform textarea,\r\n.fluentform select {\r\n  width: 100% !important;\r\n  padding: 12px 15px !important;\r\n  border-radius: 4px !important;\r\n  border: 1px solid #e6e6e6 !important;\r\n  background: #ffffff !important;\r\n  color: #111111 !important;\r\n  font-size: 14px !important;\r\n  font-family: 'Lucida Sans Unicode','Lucida Grande','Verdana',sans-serif;\r\n}\r\n\r\n\/* ===================== *\/\r\n\/*  FOCUS                *\/\r\n\/* ===================== *\/\r\n.fluentform input:focus,\r\n.fluentform textarea:focus,\r\n.fluentform select:focus {\r\n  border-color: #c7a46a !important;\r\n  box-shadow: 0 0 3px rgba(199,164,106,0.3) !important;\r\n}\r\n\r\n\/* ===================== *\/\r\n\/*  BOUTON SUBMIT        *\/\r\n\/* ===================== *\/\r\n.fluentform .ff_btn_submit {\r\n  background: #111111 !important;\r\n  color: #ffffff !important;\r\n  padding: 12px 28px !important;\r\n  font-size: 13px !important;\r\n  font-weight: 600 !important;\r\n  border-radius: 0 !important;\r\n  border: 1px solid #111111 !important;\r\n  font-family: 'Lucida Sans Unicode','Lucida Grande','Verdana',sans-serif !important;\r\n  letter-spacing: 0.5px !important;\r\n  cursor: pointer !important;\r\n}\r\n\r\n\/* HOVER *\/\r\n.fluentform .ff_btn_submit:hover {\r\n  background: #ffffff !important;\r\n  color: #111111 !important;\r\n}\r\n\r\n\/* ===================== *\/\r\n\/*  PLACEHOLDER          *\/\r\n\/* ===================== *\/\r\n.fluentform ::placeholder {\r\n  color: #aaaaaa !important;\r\n}\r\n\r\n<\/style>\t\t\t\t<\/div>\n\t\t\t\t<\/div>\n\t\t\t\t<div class=\"elementor-element elementor-element-6f8e1fd elementor-widget elementor-widget-html\" data-id=\"6f8e1fd\" data-element_type=\"widget\" data-e-type=\"widget\" data-widget_type=\"html.default\">\n\t\t\t\t<div class=\"elementor-widget-container\">\n\t\t\t\t\t<table role=\"presentation\" width=\"100%\" cellpadding=\"0\" cellspacing=\"0\" border=\"0\">\r\n  <tr>\r\n    <td align=\"center\" style=\"padding:40px 20px;\">\r\n\r\n      <!-- Encadr\u00e9 premium -->\r\n      <table role=\"presentation\" cellpadding=\"0\" cellspacing=\"0\" border=\"0\"\r\n             style=\"background-color:#111111;\r\n                    border-radius:6px;\r\n                    max-width:700px;\">\r\n        <tr>\r\n          <td align=\"center\" style=\"padding:34px 30px;\">\r\n\r\n            <!-- TITRE -->\r\n            <div style=\"\r\n              font-family:'Lucida Sans Unicode','Lucida Grande','Verdana',sans-serif;\r\n              font-size:28px;\r\n              font-weight:600;\r\n              color:#ffffff;\r\n              line-height:36px;\r\n              margin:0 0 12px 0;\r\n              letter-spacing:0.3px;\r\n            \">\r\n              Ideal Operating\r\n            <\/div>\r\n\r\n            <!-- TRAIT -->\r\n            <table width=\"50\" cellpadding=\"0\" cellspacing=\"0\" style=\"margin:0 auto 18px auto;\">\r\n              <tr>\r\n                <td style=\"border-top:2px solid #c7a46a;\"><\/td>\r\n              <\/tr>\r\n            <\/table>\r\n\r\n            <!-- SOUS-TITRE -->\r\n            <div style=\"\r\n              font-family:'Lucida Sans Unicode','Lucida Grande','Verdana',sans-serif;\r\n              font-size:16px;\r\n              color:#dddddd;\r\n              line-height:24px;\r\n              margin:0 0 20px 0;\r\n            \">\r\n              R\u00e9ceptif groupes \u00b7 Corse \u00b7 Gr\u00e8ce \u00b7 Croatie\r\n            <\/div>\r\n\r\n            <!-- TEXTE -->\r\n            <div style=\"\r\n              font-family:'Lucida Sans Unicode','Lucida Grande','Verdana',sans-serif;\r\n              font-size:14px;\r\n              line-height:24px;\r\n              color:#f2f2f2;\r\n              max-width:620px;\r\n              margin:0 auto;\r\n            \">\r\n              Ideal Operating accompagne les agences de voyage dans la conception\r\n              et la structuration de programmes groupes en M\u00e9diterran\u00e9e.\r\n              <br><br>\r\n              Gr\u00e2ce \u00e0 une pr\u00e9sence terrain et un r\u00e9seau de partenaires durables,\r\n              les itin\u00e9raires sont con\u00e7us pour r\u00e9pondre aux exigences commerciales,\r\n              tout en garantissant une ex\u00e9cution fluide et s\u00e9curis\u00e9e des op\u00e9rations.\r\n            <\/div>\r\n\r\n          <\/td>\r\n        <\/tr>\r\n      <\/table>\r\n\r\n    <\/td>\r\n  <\/tr>\r\n<\/table>\t\t\t\t<\/div>\n\t\t\t\t<\/div>\n\t\t\t\t<div class=\"elementor-element elementor-element-018ca9b elementor-widget elementor-widget-shortcode\" data-id=\"018ca9b\" data-element_type=\"widget\" data-e-type=\"widget\" data-widget_type=\"shortcode.default\">\n\t\t\t\t<div class=\"elementor-widget-container\">\n\t\t\t\t\t\t\t<div class=\"elementor-shortcode\"><div class='fluentform ff-default fluentform_wrapper_24 ffs_default_wrap'><form data-form_id=\"24\" id=\"fluentform_24\" class=\"frm-fluent-form fluent_form_24 ff-el-form-top ff_form_instance_24_1 ff-form-loading ffs_default\" data-form_instance=\"ff_form_instance_24_1\" method=\"POST\" ><fieldset  style=\"border: none!important;margin: 0!important;padding: 0!important;background-color: transparent!important;box-shadow: none!important;outline: none!important; min-inline-size: 100%;\">\n                    <legend class=\"ff_screen_reader_title\" style=\"display: block; margin: 0!important;padding: 0!important;height: 0!important;text-indent: -999999px;width: 0!important;overflow:hidden;\">Demande de Devis Voyage - IDEAL<\/legend><input type='hidden' name='__fluent_form_embded_post_id' value='4160' \/><input type=\"hidden\" id=\"_fluentform_24_fluentformnonce\" name=\"_fluentform_24_fluentformnonce\" value=\"d832157b71\" \/><input type=\"hidden\" name=\"_wp_http_referer\" value=\"\/en\/wp-json\/wp\/v2\/pages\/4160\" \/><div class='ff-el-group'><div class=\"ff-el-input--label asterisk-right\"><label for='ff_24_dropdown' id='label_ff_24_dropdown' aria-label=\"Type de demande :\">Type de demande :<\/label><\/div><div class='ff-el-input--content'><select name=\"dropdown\" id=\"ff_24_dropdown\" class=\"ff-el-form-control\" data-name=\"dropdown\" data-calc_value=\"0\"  aria-invalid=\"false\" aria-required=\"false\" aria-labelledby=\"label_ff_24_dropdown\"><option value=\"\">Type de demande<\/option><option value=\"Discuter d&#039;un dossier 2026\"  >Discuter d'un dossier 2026<\/option><option value=\"\u00c9changer sur un projet client\"  >\u00c9changer sur un projet client<\/option><option value=\"Nous contacter pour un partenariat 2026\"  >Nous contacter pour un partenariat 2026<\/option><\/select><\/div><\/div><div class='ff-el-group'><div class=\"ff-el-input--label asterisk-right\"><label for='ff_24_dropdown_1' id='label_ff_24_dropdown_1' aria-label=\"Vous \u00eates :\">Vous \u00eates :<\/label><\/div><div class='ff-el-input--content'><select name=\"dropdown_1\" id=\"ff_24_dropdown_1\" class=\"ff-el-form-control\" data-name=\"dropdown_1\" data-calc_value=\"0\"  aria-invalid=\"false\" aria-required=\"false\" aria-labelledby=\"label_ff_24_dropdown_1\"><option value=\"\">- Select -<\/option><option value=\"Professionnel du tourisme\"  >Professionnel du tourisme<\/option><option value=\"Agence de voyages\"  >Agence de voyages<\/option><option value=\"Tour-op\u00e9rateur\"  >Tour-op\u00e9rateur<\/option><option value=\"Travel designer \/ conseiller ind\u00e9pendant\"  >Travel designer \/ conseiller ind\u00e9pendant<\/option><option value=\"Autre\"  >Autre<\/option><\/select><\/div><\/div><div data-type=\"name-element\" data-name=\"names\" class=\" ff-field_container ff-name-field-wrapper\" ><div class='ff-t-container'><div class='ff-t-cell '><div class='ff-el-group ff-el-form-top'><div class=\"ff-el-input--label asterisk-right\"><label for='ff_24_names_first_name_' id='label_ff_24_names_first_name_' >Pr\u00e9nom<\/label><\/div><div class='ff-el-input--content'><input type=\"text\" name=\"names[first_name]\" id=\"ff_24_names_first_name_\" class=\"ff-el-form-control\" placeholder=\"Saisissez votre pr\u00e9nom\" aria-invalid=\"false\" aria-required=false><\/div><\/div><\/div><div class='ff-t-cell '><div class='ff-el-group ff-el-form-top'><div class=\"ff-el-input--label asterisk-right\"><label for='ff_24_names_last_name_' id='label_ff_24_names_last_name_' >Nom de famille<\/label><\/div><div class='ff-el-input--content'><input type=\"text\" name=\"names[last_name]\" id=\"ff_24_names_last_name_\" class=\"ff-el-form-control\" placeholder=\"Saisissez votre nom de famille\" aria-invalid=\"false\" aria-required=false><\/div><\/div><\/div><\/div><\/div><div class='ff-el-group'><div class=\"ff-el-input--label asterisk-right\"><label for='ff_24_email' id='label_ff_24_email' aria-label=\"E-mail\">E-mail<\/label><\/div><div class='ff-el-input--content'><input type=\"email\" name=\"email\" id=\"ff_24_email\" class=\"ff-el-form-control\" placeholder=\"Email Address\" data-name=\"email\"  aria-invalid=\"false\" aria-required=false><\/div><\/div><div class='ff-el-group'><div class=\"ff-el-input--label asterisk-right\"><label for='ff_24_input_text' id='label_ff_24_input_text' aria-label=\"T\u00e9l\u00e9phone\">T\u00e9l\u00e9phone<\/label><\/div><div class='ff-el-input--content'><input type=\"text\" name=\"input_text\" class=\"ff-el-form-control\" data-name=\"input_text\" id=\"ff_24_input_text\"  aria-invalid=\"false\" aria-required=false><\/div><\/div><div class='ff-el-group'><div class=\"ff-el-input--label asterisk-right\"><label for='ff_24_description' id='label_ff_24_description' aria-label=\"Objet de la demande\">Objet de la demande<\/label><\/div><div class='ff-el-input--content'><textarea aria-required=\"false\" aria-labelledby=\"label_ff_24_description\" name=\"description\" id=\"ff_24_description\" class=\"ff-el-form-control\" placeholder=\"Ex. : Voyage sur mesure Japon \u2013 printemps 2026\" rows=\"3\" cols=\"2\" data-name=\"description\" ><\/textarea><\/div><\/div><div class='ff-el-group'><div class=\"ff-el-input--label asterisk-right\"><label for='ff_24_description_1' id='label_ff_24_description_1' aria-label=\"Message \/ \u00e9l\u00e9ments \u00e0 nous transmettre\">Message \/ \u00e9l\u00e9ments \u00e0 nous transmettre<\/label><\/div><div class='ff-el-input--content'><textarea aria-required=\"false\" aria-labelledby=\"label_ff_24_description_1\" name=\"description_1\" id=\"ff_24_description_1\" class=\"ff-el-form-control\" placeholder=\"Dates envisag\u00e9es, nombre de voyageurs, r\u00e9gions souhait\u00e9es, niveau de confort, budget estimatif, contraintes sp\u00e9cifiques\u2026 Pour les professionnels : contexte du dossier et attentes clients.\" rows=\"3\" cols=\"2\" data-name=\"description_1\" ><\/textarea><\/div><\/div><div class='ff-el-group ff-text-left ff_submit_btn_wrapper'><button type=\"submit\" class=\"ff-btn ff-btn-submit ff-btn-md ff_btn_style\"  aria-label=\"Envoyer\">Envoyer<\/button><\/div><\/fieldset><\/form><div id='fluentform_24_errors' class='ff-errors-in-stack ff_form_instance_24_1 ff-form-loading_errors ff_form_instance_24_1_errors'><\/div><\/div>            <script type=\"text\/javascript\">\n                window.fluent_form_ff_form_instance_24_1 = {\"id\":\"24\",\"ajaxUrl\":\"https:\\\/\\\/cstpro-b2b.com\\\/wp-admin\\\/admin-ajax.php\",\"settings\":{\"layout\":{\"labelPlacement\":\"top\",\"asteriskPlacement\":\"asterisk-right\",\"helpMessagePlacement\":\"with_label\",\"errorMessagePlacement\":\"inline\",\"cssClassName\":\"\"},\"restrictions\":{\"denyEmptySubmission\":{\"enabled\":false}}},\"form_instance\":\"ff_form_instance_24_1\",\"form_id_selector\":\"fluentform_24\",\"rules\":{\"dropdown\":{\"required\":{\"value\":false,\"message\":\"This field is required\",\"global_message\":\"Ce champ est obligatoire\",\"global\":true}},\"dropdown_1\":{\"required\":{\"value\":false,\"message\":\"This field is required\",\"global_message\":\"Ce champ est obligatoire\",\"global\":true}},\"names[first_name]\":{\"required\":{\"value\":false,\"message\":\"This field is required\",\"global_message\":\"Ce champ est obligatoire\",\"global\":true}},\"names[middle_name]\":{\"required\":{\"value\":false,\"message\":\"This field is required\",\"global_message\":\"Ce champ est obligatoire\",\"global\":true}},\"names[last_name]\":{\"required\":{\"value\":false,\"message\":\"This field is required\",\"global_message\":\"Ce champ est obligatoire\",\"global\":true}},\"email\":{\"required\":{\"value\":false,\"message\":\"This field is required\",\"global_message\":\"Ce champ est obligatoire\",\"global\":true},\"email\":{\"value\":true,\"message\":\"This field must contain a valid email\",\"global_message\":\"Ce champ doit contenir un e-mail valide\",\"global\":true}},\"input_text\":{\"required\":{\"value\":false,\"message\":\"This field is required\",\"global_message\":\"Ce champ est obligatoire\",\"global\":true}},\"description\":{\"required\":{\"value\":false,\"message\":\"This field is required\",\"global_message\":\"Ce champ est obligatoire\",\"global\":true}},\"description_1\":{\"required\":{\"value\":false,\"message\":\"This field is required\",\"global_message\":\"Ce champ est obligatoire\",\"global\":true}}},\"debounce_time\":300};\n                            <\/script>\n            <\/div>\n\t\t\t\t\t\t<\/div>\n\t\t\t\t<\/div>\n\t\t\t\t\t<\/div>\n\t\t\t\t<\/div>\n\t\t\t\t<\/div>\n\t\t","protected":false},"excerpt":{"rendered":"<p>Ideal Operating R\u00e9ceptif groupes \u00b7 Corse \u00b7 Gr\u00e8ce \u00b7 Croatie Ideal Operating accompagne les agences de voyage dans la conception et la structuration de programmes groupes en M\u00e9diterran\u00e9e. Gr\u00e2ce \u00e0 une pr\u00e9sence terrain et un r\u00e9seau de partenaires durables, les itin\u00e9raires sont con\u00e7us pour r\u00e9pondre aux exigences commerciales, tout en garantissant une ex\u00e9cution fluide et [&hellip;]<\/p>\n","protected":false},"author":1,"featured_media":0,"parent":0,"menu_order":0,"comment_status":"closed","ping_status":"closed","template":"elementor_canvas","meta":{"site-sidebar-layout":"no-sidebar","site-content-layout":"page-builder","ast-site-content-layout":"default","site-content-style":"default","site-sidebar-style":"default","ast-global-header-display":"","ast-banner-title-visibility":"","ast-main-header-display":"","ast-hfb-above-header-display":"","ast-hfb-below-header-display":"","ast-hfb-mobile-header-display":"","site-post-title":"","ast-breadcrumbs-content":"","ast-featured-img":"disabled","footer-sml-layout":"","ast-disable-related-posts":"","theme-transparent-header-meta":"","adv-header-id-meta":"","stick-header-meta":"","header-above-stick-meta":"","header-main-stick-meta":"","header-below-stick-meta":"","astra-migrate-meta-layouts":"set","ast-page-background-enabled":"default","ast-page-background-meta":{"desktop":{"background-color":"","background-image":"","background-repeat":"repeat","background-position":"center center","background-size":"auto","background-attachment":"scroll","background-type":"","background-media":"","overlay-type":"","overlay-color":"","overlay-opacity":"","overlay-gradient":""},"tablet":{"background-color":"","background-image":"","background-repeat":"repeat","background-position":"center center","background-size":"auto","background-attachment":"scroll","background-type":"","background-media":"","overlay-type":"","overlay-color":"","overlay-opacity":"","overlay-gradient":""},"mobile":{"background-color":"","background-image":"","background-repeat":"repeat","background-position":"center center","background-size":"auto","background-attachment":"scroll","background-type":"","background-media":"","overlay-type":"","overlay-color":"","overlay-opacity":"","overlay-gradient":""}},"ast-content-background-meta":{"desktop":{"background-color":"var(--ast-global-color-5)","background-image":"","background-repeat":"repeat","background-position":"center center","background-size":"auto","background-attachment":"scroll","background-type":"","background-media":"","overlay-type":"","overlay-color":"","overlay-opacity":"","overlay-gradient":""},"tablet":{"background-color":"var(--ast-global-color-5)","background-image":"","background-repeat":"repeat","background-position":"center center","background-size":"auto","background-attachment":"scroll","background-type":"","background-media":"","overlay-type":"","overlay-color":"","overlay-opacity":"","overlay-gradient":""},"mobile":{"background-color":"var(--ast-global-color-5)","background-image":"","background-repeat":"repeat","background-position":"center center","background-size":"auto","background-attachment":"scroll","background-type":"","background-media":"","overlay-type":"","overlay-color":"","overlay-opacity":"","overlay-gradient":""}},"footnotes":""},"class_list":["post-4160","page","type-page","status-publish","hentry"],"_links":{"self":[{"href":"https:\/\/cstpro-b2b.com\/en\/wp-json\/wp\/v2\/pages\/4160","targetHints":{"allow":["GET"]}}],"collection":[{"href":"https:\/\/cstpro-b2b.com\/en\/wp-json\/wp\/v2\/pages"}],"about":[{"href":"https:\/\/cstpro-b2b.com\/en\/wp-json\/wp\/v2\/types\/page"}],"author":[{"embeddable":true,"href":"https:\/\/cstpro-b2b.com\/en\/wp-json\/wp\/v2\/users\/1"}],"replies":[{"embeddable":true,"href":"https:\/\/cstpro-b2b.com\/en\/wp-json\/wp\/v2\/comments?post=4160"}],"version-history":[{"count":8,"href":"https:\/\/cstpro-b2b.com\/en\/wp-json\/wp\/v2\/pages\/4160\/revisions"}],"predecessor-version":[{"id":4169,"href":"https:\/\/cstpro-b2b.com\/en\/wp-json\/wp\/v2\/pages\/4160\/revisions\/4169"}],"wp:attachment":[{"href":"https:\/\/cstpro-b2b.com\/en\/wp-json\/wp\/v2\/media?parent=4160"}],"curies":[{"name":"wp","href":"https:\/\/api.w.org\/{rel}","templated":true}]}}